{"id":11581,"date":"2024-11-18T16:56:19","date_gmt":"2024-11-18T15:56:19","guid":{"rendered":"https:\/\/www.bglegno.it\/modeles-en-bois-et-en-aluminium\/"},"modified":"2026-02-11T14:42:50","modified_gmt":"2026-02-11T13:42:50","slug":"modeles-en-bois-et-en-aluminium","status":"publish","type":"page","link":"https:\/\/www.bglegno.it\/fr\/modeles-en-bois-et-en-aluminium\/","title":{"rendered":"Mod\u00e8les en bois et en aluminium"},"content":{"rendered":"\t\t<div data-elementor-type=\"wp-page\" data-elementor-id=\"11581\" class=\"elementor elementor-11581 elementor-11016\" data-elementor-post-type=\"page\">\n\t\t\t\t\t\t<section class=\"elementor-section elementor-top-section elementor-element elementor-element-6b999fe elementor-section-full_width elementor-section-height-default elementor-section-height-default wpr-particle-no wpr-jarallax-no wpr-parallax-no wpr-sticky-section-no\" data-id=\"6b999fe\" data-element_type=\"section\" data-e-type=\"section\">\n\t\t\t\t\t\t<div class=\"elementor-container elementor-column-gap-default\">\n\t\t\t\t\t<div class=\"elementor-column elementor-col-100 elementor-top-column elementor-element elementor-element-c2fe279\" data-id=\"c2fe279\" data-element_type=\"column\" data-e-type=\"column\">\n\t\t\t<div class=\"elementor-widget-wrap elementor-element-populated\">\n\t\t\t\t\t\t<div class=\"elementor-element elementor-element-63d3814 elementor-widget__width-auto elementor-widget elementor-widget-heading\" data-id=\"63d3814\" data-element_type=\"widget\" data-e-type=\"widget\" data-widget_type=\"heading.default\">\n\t\t\t\t<div class=\"elementor-widget-container\">\n\t\t\t\t\t<h2 class=\"elementor-heading-title elementor-size-default\"><strong>BATANTS<\/strong> et<br><strong>COULISSANTS<\/strong><\/h2>\t\t\t\t<\/div>\n\t\t\t\t<\/div>\n\t\t\t\t<div class=\"elementor-element elementor-element-4efad60 elementor-widget__width-auto elementor-widget elementor-widget-text-editor\" data-id=\"4efad60\" data-element_type=\"widget\" data-e-type=\"widget\" data-widget_type=\"text-editor.default\">\n\t\t\t\t<div class=\"elementor-widget-container\">\n\t\t\t\t\t\t\t\t\t<p>bois<br>aluminium<\/p>\t\t\t\t\t\t\t\t<\/div>\n\t\t\t\t<\/div>\n\t\t\t\t\t<\/div>\n\t\t<\/div>\n\t\t\t\t\t<\/div>\n\t\t<\/section>\n\t\t\t\t<section class=\"elementor-section elementor-top-section elementor-element elementor-element-fc5ead0 elementor-section-full_width elementor-section-height-default elementor-section-height-default wpr-particle-no wpr-jarallax-no wpr-parallax-no wpr-sticky-section-no\" data-id=\"fc5ead0\" data-element_type=\"section\" data-e-type=\"section\">\n\t\t\t\t\t\t<div class=\"elementor-container elementor-column-gap-no\">\n\t\t\t\t\t<div class=\"elementor-column elementor-col-100 elementor-top-column elementor-element elementor-element-342e45e\" data-id=\"342e45e\" data-element_type=\"column\" data-e-type=\"column\">\n\t\t\t<div class=\"elementor-widget-wrap elementor-element-populated\">\n\t\t\t\t\t\t<div class=\"elementor-element elementor-element-23bd1a1 the7-e-tabs-nav-justify-center widget-divider-yes the7-e-tabs-view-horizontal elementor-widget elementor-widget-the7-tabs\" data-id=\"23bd1a1\" data-element_type=\"widget\" data-e-type=\"widget\" data-settings=\"{&quot;accordion_breakpoint&quot;:&quot;mobile&quot;}\" data-widget_type=\"the7-tabs.default\">\n\t\t\t\t<div class=\"elementor-widget-container\">\n\t\t\t\t\t\t<div class=\"the7-e-tabs-wrapper\">\n\t\t<div class=\"the7-e-tabs-nav-wrapper\">\n\t\t\t<div class=\"the7-e-tabs-nav-scroll-wrapper\">\n\t\t\t\t<div class=\"the7-e-tabs-nav\" role=\"tablist\">\n\t\t\t\t\t\t\t\t\t\t<span class=\"item-divider\" aria-hidden=\"true\"><\/span>\n\t\t\t\t\t\t\t\t\t\t\t\t<div id=\"the7-e-tab-title-3741\" class=\"the7-e-tab-title\" aria-selected=\"true\" data-tab=\"1\" role=\"tab\" tabindex=\"0\" aria-controls=\"the7-e-tab-content-3741\" aria-expanded=\"false\">\n\t\t\t\t\t\t\t\t\t\t\t\t\t\t<h5 class=\"the7-e-tab-title-text\">\n\t\t\t\t\t\t\tMenuiseries en bois\/aluminium\t\t\t\t\t\t\t<\/h5>\n\t\t\t\t\t\t<\/div>\n\t\t\t\t\t\t<span class=\"item-divider\" aria-hidden=\"true\"><\/span>\n\t\t\t\t\t\t\t\t\t\t\t<div id=\"the7-e-tab-title-3742\" class=\"the7-e-tab-title\" aria-selected=\"false\" data-tab=\"2\" role=\"tab\" tabindex=\"-1\" aria-controls=\"the7-e-tab-content-3742\" aria-expanded=\"false\">\n\t\t\t\t\t\t\t\t\t\t\t\t\t\t<h5 class=\"the7-e-tab-title-text\">\n\t\t\t\t\t\t\tSyst\u00e8mes\t\t\t\t\t\t\t<\/h5>\n\t\t\t\t\t\t<\/div>\n\t\t\t\t\t\t<span class=\"item-divider\" aria-hidden=\"true\"><\/span>\n\t\t\t\t\t\t\t\t\t\t\t<div id=\"the7-e-tab-title-3743\" class=\"the7-e-tab-title\" aria-selected=\"false\" data-tab=\"3\" role=\"tab\" tabindex=\"-1\" aria-controls=\"the7-e-tab-content-3743\" aria-expanded=\"false\">\n\t\t\t\t\t\t\t\t\t\t\t\t\t\t<h5 class=\"the7-e-tab-title-text\">\n\t\t\t\t\t\t\tcoulissante en bois\/aluminium\t\t\t\t\t\t\t<\/h5>\n\t\t\t\t\t\t<\/div>\n\t\t\t\t\t\t<span class=\"item-divider\" aria-hidden=\"true\"><\/span>\n\t\t\t\t\t\t\t\t\t<\/div>\n\t\t\t<\/div>\n\t\t\t<div class=\"the7-e-tab-nav-button left-button\" role=\"button\" tabindex=\"0\" aria-label=\"Prev tab\"><\/div>\n\t\t\t<div class=\"the7-e-tab-nav-button right-button\" role=\"button\" tabindex=\"0\" aria-label=\"Next tab\"><\/div>\n\t\t<\/div>\n\t\t<div class=\"the7-e-tabs-content\" aria-orientation=\"vertical\">\n\t\t\t<span class=\"item-divider\" aria-hidden=\"true\"><\/span>\n\t\t\t\t\t\t\t<div class=\"the7-e-tab-item-wrapper\" data-tab=\"1\">\n\t\t\t\t\t<div class=\"the7-e-tab-title\" aria-selected=\"true\" data-tab=\"1\" role=\"tab\" tabindex=\"0\" aria-controls=\"elementor-tab-content-3741\" aria-expanded=\"false\">\n\t\t\t\t\t\t\t\t\t\t\t\t<h5 class=\"the7-e-tab-title-text\">\n\t\t\t\t\t\t\tMenuiseries en bois\/aluminium\t\t\t\t\t\t<\/h5>\n\t\t\t\t\t<\/div>\n\t\t\t\t\t<div id=\"the7-e-tab-content-3741\" class=\"the7-e-tab-content\" data-tab=\"1\" role=\"tabpanel\" aria-labelledby=\"the7-e-tab-title-3741\" tabindex=\"0\" hidden=\"false\"><\/div>\n\t\t\t\t<\/div>\n\t\t\t\t<span class=\"item-divider\" aria-hidden=\"true\"><\/span>\n\t\t\t\t\t\t\t<div class=\"the7-e-tab-item-wrapper\" data-tab=\"2\">\n\t\t\t\t\t<div class=\"the7-e-tab-title\" aria-selected=\"false\" data-tab=\"2\" role=\"tab\" tabindex=\"-1\" aria-controls=\"elementor-tab-content-3742\" aria-expanded=\"false\">\n\t\t\t\t\t\t\t\t\t\t\t\t<h5 class=\"the7-e-tab-title-text\">\n\t\t\t\t\t\t\tSyst\u00e8mes\t\t\t\t\t\t<\/h5>\n\t\t\t\t\t<\/div>\n\t\t\t\t\t<div id=\"the7-e-tab-content-3742\" class=\"the7-e-tab-content\" data-tab=\"2\" role=\"tabpanel\" aria-labelledby=\"the7-e-tab-title-3742\" tabindex=\"0\" hidden=\"hidden\"><\/div>\n\t\t\t\t<\/div>\n\t\t\t\t<span class=\"item-divider\" aria-hidden=\"true\"><\/span>\n\t\t\t\t\t\t\t<div class=\"the7-e-tab-item-wrapper\" data-tab=\"3\">\n\t\t\t\t\t<div class=\"the7-e-tab-title\" aria-selected=\"false\" data-tab=\"3\" role=\"tab\" tabindex=\"-1\" aria-controls=\"elementor-tab-content-3743\" aria-expanded=\"false\">\n\t\t\t\t\t\t\t\t\t\t\t\t<h5 class=\"the7-e-tab-title-text\">\n\t\t\t\t\t\t\tcoulissante en bois\/aluminium\t\t\t\t\t\t<\/h5>\n\t\t\t\t\t<\/div>\n\t\t\t\t\t<div id=\"the7-e-tab-content-3743\" class=\"the7-e-tab-content\" data-tab=\"3\" role=\"tabpanel\" aria-labelledby=\"the7-e-tab-title-3743\" tabindex=\"0\" hidden=\"hidden\"><\/div>\n\t\t\t\t<\/div>\n\t\t\t\t<span class=\"item-divider\" aria-hidden=\"true\"><\/span>\n\t\t\t\t\t<\/div>\n\t<\/div>\n\t\t\t\t\t\t<\/div>\n\t\t\t\t<\/div>\n\t\t\t\t\t<\/div>\n\t\t<\/div>\n\t\t\t\t\t<\/div>\n\t\t<\/section>\n\t\t\t\t<\/div>\n\t\t","protected":false},"excerpt":{"rendered":"<p>BATANTS etCOULISSANTS boisaluminium Menuiseries en bois\/aluminium Syst\u00e8mes coulissante en bois\/aluminium Menuiseries en bois\/aluminium Syst\u00e8mes coulissante en bois\/aluminium<\/p>\n","protected":false},"author":2,"featured_media":11579,"parent":0,"menu_order":20,"comment_status":"closed","ping_status":"closed","template":"","meta":{"footnotes":""},"class_list":["post-11581","page","type-page","status-publish","has-post-thumbnail","hentry"],"yoast_head":"<!-- This site is optimized with the Yoast SEO plugin v27.6 - https:\/\/yoast.com\/product\/yoast-seo-wordpress\/ -->\n<title>Mod\u00e8les en bois et en aluminium - BG Legno - Fen\u00eatres en bois et aluminium. Choisissez votre.<\/title>\n<meta name=\"description\" content=\"Fen\u00eatres en bois et en verre. BG Legno: pour chaque maison, la bonne fen\u00eatre. D\u00e9couvrez la gamme.\" \/>\n<meta name=\"robots\" content=\"index, follow, max-snippet:-1, max-image-preview:large, max-video-preview:-1\" \/>\n<link rel=\"canonical\" href=\"https:\/\/www.bglegno.it\/fr\/modeles-en-bois-et-en-aluminium\/\" \/>\n<meta property=\"og:locale\" content=\"fr_FR\" \/>\n<meta property=\"og:type\" content=\"article\" \/>\n<meta property=\"og:title\" content=\"Mod\u00e8les en bois et en aluminium - BG Legno - Fen\u00eatres en bois et aluminium. Choisissez votre.\" \/>\n<meta property=\"og:description\" content=\"Fen\u00eatres en bois et en verre. BG Legno: pour chaque maison, la bonne fen\u00eatre. D\u00e9couvrez la gamme.\" \/>\n<meta property=\"og:url\" content=\"https:\/\/www.bglegno.it\/fr\/modeles-en-bois-et-en-aluminium\/\" \/>\n<meta property=\"og:site_name\" content=\"BG Legno\" \/>\n<meta property=\"article:modified_time\" content=\"2026-02-11T13:42:50+00:00\" \/>\n<meta property=\"og:image\" content=\"https:\/\/www.bglegno.it\/wp-content\/uploads\/2024\/06\/bg-legno-meet-arch.jpg\" \/>\n\t<meta property=\"og:image:width\" content=\"1920\" \/>\n\t<meta property=\"og:image:height\" content=\"1080\" \/>\n\t<meta property=\"og:image:type\" content=\"image\/jpeg\" \/>\n<meta name=\"twitter:card\" content=\"summary_large_image\" \/>\n<script type=\"application\/ld+json\" class=\"yoast-schema-graph\">{\"@context\":\"https:\\\/\\\/schema.org\",\"@graph\":[{\"@type\":\"WebPage\",\"@id\":\"https:\\\/\\\/www.bglegno.it\\\/fr\\\/modeles-en-bois-et-en-aluminium\\\/\",\"url\":\"https:\\\/\\\/www.bglegno.it\\\/fr\\\/modeles-en-bois-et-en-aluminium\\\/\",\"name\":\"Mod\u00e8les en bois et en aluminium - BG Legno - Fen\u00eatres en bois et aluminium. Choisissez votre.\",\"isPartOf\":{\"@id\":\"https:\\\/\\\/www.bglegno.it\\\/#website\"},\"primaryImageOfPage\":{\"@id\":\"https:\\\/\\\/www.bglegno.it\\\/fr\\\/modeles-en-bois-et-en-aluminium\\\/#primaryimage\"},\"image\":{\"@id\":\"https:\\\/\\\/www.bglegno.it\\\/fr\\\/modeles-en-bois-et-en-aluminium\\\/#primaryimage\"},\"thumbnailUrl\":\"https:\\\/\\\/www.bglegno.it\\\/wp-content\\\/uploads\\\/2024\\\/06\\\/bg-legno-meet-arch.jpg\",\"datePublished\":\"2024-11-18T15:56:19+00:00\",\"dateModified\":\"2026-02-11T13:42:50+00:00\",\"description\":\"Fen\u00eatres en bois et en verre. BG Legno: pour chaque maison, la bonne fen\u00eatre. D\u00e9couvrez la gamme.\",\"breadcrumb\":{\"@id\":\"https:\\\/\\\/www.bglegno.it\\\/fr\\\/modeles-en-bois-et-en-aluminium\\\/#breadcrumb\"},\"inLanguage\":\"fr-FR\",\"potentialAction\":[{\"@type\":\"ReadAction\",\"target\":[\"https:\\\/\\\/www.bglegno.it\\\/fr\\\/modeles-en-bois-et-en-aluminium\\\/\"]}]},{\"@type\":\"ImageObject\",\"inLanguage\":\"fr-FR\",\"@id\":\"https:\\\/\\\/www.bglegno.it\\\/fr\\\/modeles-en-bois-et-en-aluminium\\\/#primaryimage\",\"url\":\"https:\\\/\\\/www.bglegno.it\\\/wp-content\\\/uploads\\\/2024\\\/06\\\/bg-legno-meet-arch.jpg\",\"contentUrl\":\"https:\\\/\\\/www.bglegno.it\\\/wp-content\\\/uploads\\\/2024\\\/06\\\/bg-legno-meet-arch.jpg\",\"width\":1920,\"height\":1080},{\"@type\":\"BreadcrumbList\",\"@id\":\"https:\\\/\\\/www.bglegno.it\\\/fr\\\/modeles-en-bois-et-en-aluminium\\\/#breadcrumb\",\"itemListElement\":[{\"@type\":\"ListItem\",\"position\":1,\"name\":\"Home\",\"item\":\"https:\\\/\\\/www.bglegno.it\\\/fr\\\/accueil\\\/\"},{\"@type\":\"ListItem\",\"position\":2,\"name\":\"Mod\u00e8les en bois et en aluminium\"}]},{\"@type\":\"WebSite\",\"@id\":\"https:\\\/\\\/www.bglegno.it\\\/#website\",\"url\":\"https:\\\/\\\/www.bglegno.it\\\/\",\"name\":\"BG Legno\",\"description\":\"Ad ogni casa la giusta finestra\",\"publisher\":{\"@id\":\"https:\\\/\\\/www.bglegno.it\\\/#organization\"},\"potentialAction\":[{\"@type\":\"SearchAction\",\"target\":{\"@type\":\"EntryPoint\",\"urlTemplate\":\"https:\\\/\\\/www.bglegno.it\\\/?s={search_term_string}\"},\"query-input\":{\"@type\":\"PropertyValueSpecification\",\"valueRequired\":true,\"valueName\":\"search_term_string\"}}],\"inLanguage\":\"fr-FR\"},{\"@type\":\"Organization\",\"@id\":\"https:\\\/\\\/www.bglegno.it\\\/#organization\",\"name\":\"BG Legno\",\"url\":\"https:\\\/\\\/www.bglegno.it\\\/\",\"logo\":{\"@type\":\"ImageObject\",\"inLanguage\":\"fr-FR\",\"@id\":\"https:\\\/\\\/www.bglegno.it\\\/#\\\/schema\\\/logo\\\/image\\\/\",\"url\":\"https:\\\/\\\/www.bglegno.it\\\/wp-content\\\/uploads\\\/2024\\\/12\\\/bg-legno.jpg\",\"contentUrl\":\"https:\\\/\\\/www.bglegno.it\\\/wp-content\\\/uploads\\\/2024\\\/12\\\/bg-legno.jpg\",\"width\":1038,\"height\":1038,\"caption\":\"BG Legno\"},\"image\":{\"@id\":\"https:\\\/\\\/www.bglegno.it\\\/#\\\/schema\\\/logo\\\/image\\\/\"}}]}<\/script>\n<!-- \/ Yoast SEO plugin. -->","yoast_head_json":{"title":"Mod\u00e8les en bois et en aluminium - BG Legno - Fen\u00eatres en bois et aluminium. Choisissez votre.","description":"Fen\u00eatres en bois et en verre. BG Legno: pour chaque maison, la bonne fen\u00eatre. D\u00e9couvrez la gamme.","robots":{"index":"index","follow":"follow","max-snippet":"max-snippet:-1","max-image-preview":"max-image-preview:large","max-video-preview":"max-video-preview:-1"},"canonical":"https:\/\/www.bglegno.it\/fr\/modeles-en-bois-et-en-aluminium\/","og_locale":"fr_FR","og_type":"article","og_title":"Mod\u00e8les en bois et en aluminium - BG Legno - Fen\u00eatres en bois et aluminium. Choisissez votre.","og_description":"Fen\u00eatres en bois et en verre. BG Legno: pour chaque maison, la bonne fen\u00eatre. D\u00e9couvrez la gamme.","og_url":"https:\/\/www.bglegno.it\/fr\/modeles-en-bois-et-en-aluminium\/","og_site_name":"BG Legno","article_modified_time":"2026-02-11T13:42:50+00:00","og_image":[{"width":1920,"height":1080,"url":"https:\/\/www.bglegno.it\/wp-content\/uploads\/2024\/06\/bg-legno-meet-arch.jpg","type":"image\/jpeg"}],"twitter_card":"summary_large_image","schema":{"@context":"https:\/\/schema.org","@graph":[{"@type":"WebPage","@id":"https:\/\/www.bglegno.it\/fr\/modeles-en-bois-et-en-aluminium\/","url":"https:\/\/www.bglegno.it\/fr\/modeles-en-bois-et-en-aluminium\/","name":"Mod\u00e8les en bois et en aluminium - BG Legno - Fen\u00eatres en bois et aluminium. Choisissez votre.","isPartOf":{"@id":"https:\/\/www.bglegno.it\/#website"},"primaryImageOfPage":{"@id":"https:\/\/www.bglegno.it\/fr\/modeles-en-bois-et-en-aluminium\/#primaryimage"},"image":{"@id":"https:\/\/www.bglegno.it\/fr\/modeles-en-bois-et-en-aluminium\/#primaryimage"},"thumbnailUrl":"https:\/\/www.bglegno.it\/wp-content\/uploads\/2024\/06\/bg-legno-meet-arch.jpg","datePublished":"2024-11-18T15:56:19+00:00","dateModified":"2026-02-11T13:42:50+00:00","description":"Fen\u00eatres en bois et en verre. BG Legno: pour chaque maison, la bonne fen\u00eatre. D\u00e9couvrez la gamme.","breadcrumb":{"@id":"https:\/\/www.bglegno.it\/fr\/modeles-en-bois-et-en-aluminium\/#breadcrumb"},"inLanguage":"fr-FR","potentialAction":[{"@type":"ReadAction","target":["https:\/\/www.bglegno.it\/fr\/modeles-en-bois-et-en-aluminium\/"]}]},{"@type":"ImageObject","inLanguage":"fr-FR","@id":"https:\/\/www.bglegno.it\/fr\/modeles-en-bois-et-en-aluminium\/#primaryimage","url":"https:\/\/www.bglegno.it\/wp-content\/uploads\/2024\/06\/bg-legno-meet-arch.jpg","contentUrl":"https:\/\/www.bglegno.it\/wp-content\/uploads\/2024\/06\/bg-legno-meet-arch.jpg","width":1920,"height":1080},{"@type":"BreadcrumbList","@id":"https:\/\/www.bglegno.it\/fr\/modeles-en-bois-et-en-aluminium\/#breadcrumb","itemListElement":[{"@type":"ListItem","position":1,"name":"Home","item":"https:\/\/www.bglegno.it\/fr\/accueil\/"},{"@type":"ListItem","position":2,"name":"Mod\u00e8les en bois et en aluminium"}]},{"@type":"WebSite","@id":"https:\/\/www.bglegno.it\/#website","url":"https:\/\/www.bglegno.it\/","name":"BG Legno","description":"Ad ogni casa la giusta finestra","publisher":{"@id":"https:\/\/www.bglegno.it\/#organization"},"potentialAction":[{"@type":"SearchAction","target":{"@type":"EntryPoint","urlTemplate":"https:\/\/www.bglegno.it\/?s={search_term_string}"},"query-input":{"@type":"PropertyValueSpecification","valueRequired":true,"valueName":"search_term_string"}}],"inLanguage":"fr-FR"},{"@type":"Organization","@id":"https:\/\/www.bglegno.it\/#organization","name":"BG Legno","url":"https:\/\/www.bglegno.it\/","logo":{"@type":"ImageObject","inLanguage":"fr-FR","@id":"https:\/\/www.bglegno.it\/#\/schema\/logo\/image\/","url":"https:\/\/www.bglegno.it\/wp-content\/uploads\/2024\/12\/bg-legno.jpg","contentUrl":"https:\/\/www.bglegno.it\/wp-content\/uploads\/2024\/12\/bg-legno.jpg","width":1038,"height":1038,"caption":"BG Legno"},"image":{"@id":"https:\/\/www.bglegno.it\/#\/schema\/logo\/image\/"}}]}},"_links":{"self":[{"href":"https:\/\/www.bglegno.it\/fr\/wp-json\/wp\/v2\/pages\/11581","targetHints":{"allow":["GET"]}}],"collection":[{"href":"https:\/\/www.bglegno.it\/fr\/wp-json\/wp\/v2\/pages"}],"about":[{"href":"https:\/\/www.bglegno.it\/fr\/wp-json\/wp\/v2\/types\/page"}],"author":[{"embeddable":true,"href":"https:\/\/www.bglegno.it\/fr\/wp-json\/wp\/v2\/users\/2"}],"replies":[{"embeddable":true,"href":"https:\/\/www.bglegno.it\/fr\/wp-json\/wp\/v2\/comments?post=11581"}],"version-history":[{"count":0,"href":"https:\/\/www.bglegno.it\/fr\/wp-json\/wp\/v2\/pages\/11581\/revisions"}],"wp:featuredmedia":[{"embeddable":true,"href":"https:\/\/www.bglegno.it\/fr\/wp-json\/wp\/v2\/media\/11579"}],"wp:attachment":[{"href":"https:\/\/www.bglegno.it\/fr\/wp-json\/wp\/v2\/media?parent=11581"}],"curies":[{"name":"wp","href":"https:\/\/api.w.org\/{rel}","templated":true}]}}