{"id":11618,"date":"2023-11-06T11:29:26","date_gmt":"2023-11-06T10:29:26","guid":{"rendered":"https:\/\/www.bglegno.it\/prodotto\/lumia\/"},"modified":"2026-02-11T15:44:00","modified_gmt":"2026-02-11T14:44:00","slug":"lumia","status":"publish","type":"product","link":"https:\/\/www.bglegno.it\/fr\/prodotto\/lumia\/","title":{"rendered":"Lumia"},"content":{"rendered":"\t\t<div data-elementor-type=\"product-post\" data-elementor-id=\"11618\" class=\"elementor elementor-11618 elementor-7364\" data-elementor-post-type=\"product\">\n\t\t\t\t\t\t<section class=\"elementor-section elementor-top-section elementor-element elementor-element-2e1ff35d elementor-section-full_width elementor-section-content-middle elementor-section-height-default elementor-section-height-default wpr-particle-no wpr-jarallax-no wpr-parallax-no wpr-sticky-section-no\" data-id=\"2e1ff35d\" data-element_type=\"section\" data-e-type=\"section\">\n\t\t\t\t\t\t<div class=\"elementor-container elementor-column-gap-default\">\n\t\t\t\t\t<div class=\"elementor-column elementor-col-100 elementor-top-column elementor-element elementor-element-450026d1\" data-id=\"450026d1\" data-element_type=\"column\" data-e-type=\"column\">\n\t\t\t<div class=\"elementor-widget-wrap elementor-element-populated\">\n\t\t\t\t\t\t<div class=\"elementor-element elementor-element-6ab60de elementor-widget elementor-widget-text-editor\" data-id=\"6ab60de\" data-element_type=\"widget\" data-e-type=\"widget\" data-widget_type=\"text-editor.default\">\n\t\t\t\t<div class=\"elementor-widget-container\">\n\t\t\t\t\t\t\t\t\t<p>Le mod\u00e8le Lumia est une menuiserie enti\u00e8rement en bois con\u00e7ue pour r\u00e9pondre \u00e0 des demandes ou des exigences techniques et conceptuelles sp\u00e9cifiques.<\/p><p><strong><br>La polyvalence de Lumia guide le processus, il peut \u00eatre r\u00e9alis\u00e9 avec tous les types de parcloses, standard ou sp\u00e9ciales. Il est possible d&rsquo;\u00e9quiper Lumia de listels \u00e0 la toscane et\/ou de volets, et de choisir entre deux types de ch\u00e2ssis, classique ou plat.  <\/strong><\/p><p>Lumia est une menuiserie qui embellit le contexte mais se d\u00e9finit en fonction de celui-ci, pour une personnalisation esth\u00e9tique et technique sans pr\u00e9c\u00e9dent.<\/p>\t\t\t\t\t\t\t\t<\/div>\n\t\t\t\t<\/div>\n\t\t\t\t\t<\/div>\n\t\t<\/div>\n\t\t\t\t\t<\/div>\n\t\t<\/section>\n\t\t\t\t<\/div>\n\t\t","protected":false},"excerpt":{"rendered":"<p>La reine de la lumi\u00e8re, pour votre maison.<\/p>\n","protected":false},"featured_media":11634,"template":"","meta":[],"product_brand":[],"product_cat":[107],"product_tag":[],"class_list":{"0":"post-11618","1":"product","2":"type-product","3":"status-publish","4":"has-post-thumbnail","6":"product_cat-bois","8":"first","9":"instock","10":"shipping-taxable","11":"purchasable","12":"product-type-variable"},"yoast_head":"<!-- This site is optimized with the Yoast SEO plugin v27.6 - https:\/\/yoast.com\/product\/yoast-seo-wordpress\/ -->\n<title>Lumia - BG Legno - Menuserie tuot bois - CAM - Certificat FSC<\/title>\n<meta name=\"description\" content=\"Lumia est un syst\u00e8me qui permet d&#039;adapter le cadre de la fen\u00eatre \u00e0 vos exigences techniques et esth\u00e9tiques. Avec Lumia, vouloir c&#039;est pouvoir.\" \/>\n<meta name=\"robots\" content=\"index, follow, max-snippet:-1, max-image-preview:large, max-video-preview:-1\" \/>\n<link rel=\"canonical\" href=\"https:\/\/www.bglegno.it\/fr\/prodotto\/lumia\/\" \/>\n<meta property=\"og:locale\" content=\"fr_FR\" \/>\n<meta property=\"og:type\" content=\"article\" \/>\n<meta property=\"og:title\" content=\"Lumia - BG Legno - Menuserie tuot bois - CAM - Certificat FSC\" \/>\n<meta property=\"og:description\" content=\"Lumia est un syst\u00e8me qui permet d&#039;adapter le cadre de la fen\u00eatre \u00e0 vos exigences techniques et esth\u00e9tiques. Avec Lumia, vouloir c&#039;est pouvoir.\" \/>\n<meta property=\"og:url\" content=\"https:\/\/www.bglegno.it\/fr\/prodotto\/lumia\/\" \/>\n<meta property=\"og:site_name\" content=\"BG Legno\" \/>\n<meta property=\"article:modified_time\" content=\"2026-02-11T14:44:00+00:00\" \/>\n<meta property=\"og:image\" content=\"https:\/\/www.bglegno.it\/wp-content\/uploads\/2023\/11\/BG-Legno_Sistema-Lumia.jpg\" \/>\n\t<meta property=\"og:image:width\" content=\"1812\" \/>\n\t<meta property=\"og:image:height\" content=\"1811\" \/>\n\t<meta property=\"og:image:type\" content=\"image\/jpeg\" \/>\n<meta name=\"twitter:card\" content=\"summary_large_image\" \/>\n<meta name=\"twitter:label1\" content=\"Dur\u00e9e de lecture estim\u00e9e\" \/>\n\t<meta name=\"twitter:data1\" content=\"1 minute\" \/>\n<script type=\"application\/ld+json\" class=\"yoast-schema-graph\">{\"@context\":\"https:\\\/\\\/schema.org\",\"@graph\":[{\"@type\":\"WebPage\",\"@id\":\"https:\\\/\\\/www.bglegno.it\\\/fr\\\/prodotto\\\/lumia\\\/\",\"url\":\"https:\\\/\\\/www.bglegno.it\\\/fr\\\/prodotto\\\/lumia\\\/\",\"name\":\"Lumia - BG Legno - Menuserie tuot bois - CAM - Certificat FSC\",\"isPartOf\":{\"@id\":\"https:\\\/\\\/www.bglegno.it\\\/#website\"},\"primaryImageOfPage\":{\"@id\":\"https:\\\/\\\/www.bglegno.it\\\/fr\\\/prodotto\\\/lumia\\\/#primaryimage\"},\"image\":{\"@id\":\"https:\\\/\\\/www.bglegno.it\\\/fr\\\/prodotto\\\/lumia\\\/#primaryimage\"},\"thumbnailUrl\":\"https:\\\/\\\/www.bglegno.it\\\/wp-content\\\/uploads\\\/2023\\\/11\\\/BG-Legno_Sistema-Lumia.jpg\",\"datePublished\":\"2023-11-06T10:29:26+00:00\",\"dateModified\":\"2026-02-11T14:44:00+00:00\",\"description\":\"Lumia est un syst\u00e8me qui permet d'adapter le cadre de la fen\u00eatre \u00e0 vos exigences techniques et esth\u00e9tiques. Avec Lumia, vouloir c'est pouvoir.\",\"breadcrumb\":{\"@id\":\"https:\\\/\\\/www.bglegno.it\\\/fr\\\/prodotto\\\/lumia\\\/#breadcrumb\"},\"inLanguage\":\"fr-FR\",\"potentialAction\":[{\"@type\":\"ReadAction\",\"target\":[\"https:\\\/\\\/www.bglegno.it\\\/fr\\\/prodotto\\\/lumia\\\/\"]}]},{\"@type\":\"ImageObject\",\"inLanguage\":\"fr-FR\",\"@id\":\"https:\\\/\\\/www.bglegno.it\\\/fr\\\/prodotto\\\/lumia\\\/#primaryimage\",\"url\":\"https:\\\/\\\/www.bglegno.it\\\/wp-content\\\/uploads\\\/2023\\\/11\\\/BG-Legno_Sistema-Lumia.jpg\",\"contentUrl\":\"https:\\\/\\\/www.bglegno.it\\\/wp-content\\\/uploads\\\/2023\\\/11\\\/BG-Legno_Sistema-Lumia.jpg\",\"width\":1812,\"height\":1811,\"caption\":\"Lumia, BG-Legno_Sistema-Lumia\"},{\"@type\":\"BreadcrumbList\",\"@id\":\"https:\\\/\\\/www.bglegno.it\\\/fr\\\/prodotto\\\/lumia\\\/#breadcrumb\",\"itemListElement\":[{\"@type\":\"ListItem\",\"position\":1,\"name\":\"Home\",\"item\":\"https:\\\/\\\/www.bglegno.it\\\/fr\\\/accueil\\\/\"},{\"@type\":\"ListItem\",\"position\":2,\"name\":\"Prodotti\",\"item\":\"https:\\\/\\\/www.bglegno.it\\\/negozio\\\/\"},{\"@type\":\"ListItem\",\"position\":3,\"name\":\"Lumia\"}]},{\"@type\":\"WebSite\",\"@id\":\"https:\\\/\\\/www.bglegno.it\\\/#website\",\"url\":\"https:\\\/\\\/www.bglegno.it\\\/\",\"name\":\"BG Legno\",\"description\":\"Ad ogni casa la giusta finestra\",\"publisher\":{\"@id\":\"https:\\\/\\\/www.bglegno.it\\\/#organization\"},\"potentialAction\":[{\"@type\":\"SearchAction\",\"target\":{\"@type\":\"EntryPoint\",\"urlTemplate\":\"https:\\\/\\\/www.bglegno.it\\\/?s={search_term_string}\"},\"query-input\":{\"@type\":\"PropertyValueSpecification\",\"valueRequired\":true,\"valueName\":\"search_term_string\"}}],\"inLanguage\":\"fr-FR\"},{\"@type\":\"Organization\",\"@id\":\"https:\\\/\\\/www.bglegno.it\\\/#organization\",\"name\":\"BG Legno\",\"url\":\"https:\\\/\\\/www.bglegno.it\\\/\",\"logo\":{\"@type\":\"ImageObject\",\"inLanguage\":\"fr-FR\",\"@id\":\"https:\\\/\\\/www.bglegno.it\\\/#\\\/schema\\\/logo\\\/image\\\/\",\"url\":\"https:\\\/\\\/www.bglegno.it\\\/wp-content\\\/uploads\\\/2024\\\/12\\\/bg-legno.jpg\",\"contentUrl\":\"https:\\\/\\\/www.bglegno.it\\\/wp-content\\\/uploads\\\/2024\\\/12\\\/bg-legno.jpg\",\"width\":1038,\"height\":1038,\"caption\":\"BG Legno\"},\"image\":{\"@id\":\"https:\\\/\\\/www.bglegno.it\\\/#\\\/schema\\\/logo\\\/image\\\/\"}}]}<\/script>\n<!-- \/ Yoast SEO plugin. -->","yoast_head_json":{"title":"Lumia - BG Legno - Menuserie tuot bois - CAM - Certificat FSC","description":"Lumia est un syst\u00e8me qui permet d'adapter le cadre de la fen\u00eatre \u00e0 vos exigences techniques et esth\u00e9tiques. Avec Lumia, vouloir c'est pouvoir.","robots":{"index":"index","follow":"follow","max-snippet":"max-snippet:-1","max-image-preview":"max-image-preview:large","max-video-preview":"max-video-preview:-1"},"canonical":"https:\/\/www.bglegno.it\/fr\/prodotto\/lumia\/","og_locale":"fr_FR","og_type":"article","og_title":"Lumia - BG Legno - Menuserie tuot bois - CAM - Certificat FSC","og_description":"Lumia est un syst\u00e8me qui permet d'adapter le cadre de la fen\u00eatre \u00e0 vos exigences techniques et esth\u00e9tiques. Avec Lumia, vouloir c'est pouvoir.","og_url":"https:\/\/www.bglegno.it\/fr\/prodotto\/lumia\/","og_site_name":"BG Legno","article_modified_time":"2026-02-11T14:44:00+00:00","og_image":[{"width":1812,"height":1811,"url":"https:\/\/www.bglegno.it\/wp-content\/uploads\/2023\/11\/BG-Legno_Sistema-Lumia.jpg","type":"image\/jpeg"}],"twitter_card":"summary_large_image","twitter_misc":{"Dur\u00e9e de lecture estim\u00e9e":"1 minute"},"schema":{"@context":"https:\/\/schema.org","@graph":[{"@type":"WebPage","@id":"https:\/\/www.bglegno.it\/fr\/prodotto\/lumia\/","url":"https:\/\/www.bglegno.it\/fr\/prodotto\/lumia\/","name":"Lumia - BG Legno - Menuserie tuot bois - CAM - Certificat FSC","isPartOf":{"@id":"https:\/\/www.bglegno.it\/#website"},"primaryImageOfPage":{"@id":"https:\/\/www.bglegno.it\/fr\/prodotto\/lumia\/#primaryimage"},"image":{"@id":"https:\/\/www.bglegno.it\/fr\/prodotto\/lumia\/#primaryimage"},"thumbnailUrl":"https:\/\/www.bglegno.it\/wp-content\/uploads\/2023\/11\/BG-Legno_Sistema-Lumia.jpg","datePublished":"2023-11-06T10:29:26+00:00","dateModified":"2026-02-11T14:44:00+00:00","description":"Lumia est un syst\u00e8me qui permet d'adapter le cadre de la fen\u00eatre \u00e0 vos exigences techniques et esth\u00e9tiques. Avec Lumia, vouloir c'est pouvoir.","breadcrumb":{"@id":"https:\/\/www.bglegno.it\/fr\/prodotto\/lumia\/#breadcrumb"},"inLanguage":"fr-FR","potentialAction":[{"@type":"ReadAction","target":["https:\/\/www.bglegno.it\/fr\/prodotto\/lumia\/"]}]},{"@type":"ImageObject","inLanguage":"fr-FR","@id":"https:\/\/www.bglegno.it\/fr\/prodotto\/lumia\/#primaryimage","url":"https:\/\/www.bglegno.it\/wp-content\/uploads\/2023\/11\/BG-Legno_Sistema-Lumia.jpg","contentUrl":"https:\/\/www.bglegno.it\/wp-content\/uploads\/2023\/11\/BG-Legno_Sistema-Lumia.jpg","width":1812,"height":1811,"caption":"Lumia, BG-Legno_Sistema-Lumia"},{"@type":"BreadcrumbList","@id":"https:\/\/www.bglegno.it\/fr\/prodotto\/lumia\/#breadcrumb","itemListElement":[{"@type":"ListItem","position":1,"name":"Home","item":"https:\/\/www.bglegno.it\/fr\/accueil\/"},{"@type":"ListItem","position":2,"name":"Prodotti","item":"https:\/\/www.bglegno.it\/negozio\/"},{"@type":"ListItem","position":3,"name":"Lumia"}]},{"@type":"WebSite","@id":"https:\/\/www.bglegno.it\/#website","url":"https:\/\/www.bglegno.it\/","name":"BG Legno","description":"Ad ogni casa la giusta finestra","publisher":{"@id":"https:\/\/www.bglegno.it\/#organization"},"potentialAction":[{"@type":"SearchAction","target":{"@type":"EntryPoint","urlTemplate":"https:\/\/www.bglegno.it\/?s={search_term_string}"},"query-input":{"@type":"PropertyValueSpecification","valueRequired":true,"valueName":"search_term_string"}}],"inLanguage":"fr-FR"},{"@type":"Organization","@id":"https:\/\/www.bglegno.it\/#organization","name":"BG Legno","url":"https:\/\/www.bglegno.it\/","logo":{"@type":"ImageObject","inLanguage":"fr-FR","@id":"https:\/\/www.bglegno.it\/#\/schema\/logo\/image\/","url":"https:\/\/www.bglegno.it\/wp-content\/uploads\/2024\/12\/bg-legno.jpg","contentUrl":"https:\/\/www.bglegno.it\/wp-content\/uploads\/2024\/12\/bg-legno.jpg","width":1038,"height":1038,"caption":"BG Legno"},"image":{"@id":"https:\/\/www.bglegno.it\/#\/schema\/logo\/image\/"}}]}},"_links":{"self":[{"href":"https:\/\/www.bglegno.it\/fr\/wp-json\/wp\/v2\/product\/11618","targetHints":{"allow":["GET"]}}],"collection":[{"href":"https:\/\/www.bglegno.it\/fr\/wp-json\/wp\/v2\/product"}],"about":[{"href":"https:\/\/www.bglegno.it\/fr\/wp-json\/wp\/v2\/types\/product"}],"version-history":[{"count":0,"href":"https:\/\/www.bglegno.it\/fr\/wp-json\/wp\/v2\/product\/11618\/revisions"}],"wp:featuredmedia":[{"embeddable":true,"href":"https:\/\/www.bglegno.it\/fr\/wp-json\/wp\/v2\/media\/11634"}],"wp:attachment":[{"href":"https:\/\/www.bglegno.it\/fr\/wp-json\/wp\/v2\/media?parent=11618"}],"wp:term":[{"taxonomy":"product_brand","embeddable":true,"href":"https:\/\/www.bglegno.it\/fr\/wp-json\/wp\/v2\/product_brand?post=11618"},{"taxonomy":"product_cat","embeddable":true,"href":"https:\/\/www.bglegno.it\/fr\/wp-json\/wp\/v2\/product_cat?post=11618"},{"taxonomy":"product_tag","embeddable":true,"href":"https:\/\/www.bglegno.it\/fr\/wp-json\/wp\/v2\/product_tag?post=11618"}],"curies":[{"name":"wp","href":"https:\/\/api.w.org\/{rel}","templated":true}]}}