{"id":11635,"date":"2024-05-10T10:13:23","date_gmt":"2024-05-10T08:13:23","guid":{"rendered":"https:\/\/www.bglegno.it\/prodotto\/yoko\/"},"modified":"2026-02-11T15:42:07","modified_gmt":"2026-02-11T14:42:07","slug":"yoko","status":"publish","type":"product","link":"https:\/\/www.bglegno.it\/fr\/prodotto\/yoko\/","title":{"rendered":"Yoko"},"content":{"rendered":"\t\t<div data-elementor-type=\"product-post\" data-elementor-id=\"11635\" class=\"elementor elementor-11635 elementor-10578\" data-elementor-post-type=\"product\">\n\t\t\t\t\t\t<section class=\"elementor-section elementor-top-section elementor-element elementor-element-edb1a67 elementor-section-full_width elementor-section-content-middle elementor-section-height-default elementor-section-height-default wpr-particle-no wpr-jarallax-no wpr-parallax-no wpr-sticky-section-no\" data-id=\"edb1a67\" data-element_type=\"section\" data-e-type=\"section\">\n\t\t\t\t\t\t<div class=\"elementor-container elementor-column-gap-default\">\n\t\t\t\t\t<div class=\"elementor-column elementor-col-100 elementor-top-column elementor-element elementor-element-62a3afc\" data-id=\"62a3afc\" data-element_type=\"column\" data-e-type=\"column\">\n\t\t\t<div class=\"elementor-widget-wrap elementor-element-populated\">\n\t\t\t\t\t\t<div class=\"elementor-element elementor-element-30b07a6 elementor-widget elementor-widget-text-editor\" data-id=\"30b07a6\" data-element_type=\"widget\" data-e-type=\"widget\" data-widget_type=\"text-editor.default\">\n\t\t\t\t<div class=\"elementor-widget-container\">\n\t\t\t\t\t\t\t\t\t<div class=\"page\" title=\"Page 1\"><div class=\"layoutArea\"><div class=\"column\"><p>Le mod\u00e8le Yoko est une menuiserie enti\u00e8rement en bois con\u00e7ue et r\u00e9alis\u00e9e dans l&rsquo;esprit minimaliste de notre \u00e9poque.<span class=\"Apple-converted-space\"> <\/span><\/p><p><strong>Surface vitr\u00e9e plus grande et sections de vantail et de cadre r\u00e9duites au minimum, performances garanties et s\u00e9curit\u00e9 sans compromis. Yoko peut \u00eatre r\u00e9alis\u00e9e avec diff\u00e9rentes \u00e9paisseurs de verre, de 28 mm \u00e0 52 mm, sans modifier l&rsquo;\u00e9paisseur du vantail. <\/strong><\/p><p>Yoko est une menuiserie contemporaine dont les lignes essentielles et les g\u00e9om\u00e9tries rigoureuses s&rsquo;int\u00e8grent parfaitement dans tous les contextes, sans jamais para\u00eetre d\u00e9plac\u00e9es.<span class=\"Apple-converted-space\"> <\/span><\/p><\/div><\/div><\/div>\t\t\t\t\t\t\t\t<\/div>\n\t\t\t\t<\/div>\n\t\t\t\t\t<\/div>\n\t\t<\/div>\n\t\t\t\t\t<\/div>\n\t\t<\/section>\n\t\t\t\t<\/div>\n\t\t","protected":false},"excerpt":{"rendered":"<p>L&rsquo;innovation qui s&rsquo;invite chez vous.<\/p>\n","protected":false},"featured_media":11637,"template":"","meta":[],"product_brand":[],"product_cat":[107],"product_tag":[],"class_list":{"0":"post-11635","1":"product","2":"type-product","3":"status-publish","4":"has-post-thumbnail","6":"product_cat-bois","8":"first","9":"instock","10":"shipping-taxable","11":"purchasable","12":"product-type-variable"},"yoast_head":"<!-- This site is optimized with the Yoast SEO plugin v27.6 - https:\/\/yoast.com\/product\/yoast-seo-wordpress\/ -->\n<title>Yoko - BG Legno - Menuserie tout bois - CAM - Bois FSC<\/title>\n<meta name=\"description\" content=\"Yoko est le dernier n\u00e9 de la maison BG Legno qui a d\u00e9j\u00e0 conquis le march\u00e9 gr\u00e2ce \u00e0 son esth\u00e9tique et \u00e0 son design innovant. En savoir plus\" \/>\n<meta name=\"robots\" content=\"index, follow, max-snippet:-1, max-image-preview:large, max-video-preview:-1\" \/>\n<link rel=\"canonical\" href=\"https:\/\/www.bglegno.it\/fr\/prodotto\/yoko\/\" \/>\n<meta property=\"og:locale\" content=\"fr_FR\" \/>\n<meta property=\"og:type\" content=\"article\" \/>\n<meta property=\"og:title\" content=\"Yoko - BG Legno - Menuserie tout bois - CAM - Bois FSC\" \/>\n<meta property=\"og:description\" content=\"Yoko est le dernier n\u00e9 de la maison BG Legno qui a d\u00e9j\u00e0 conquis le march\u00e9 gr\u00e2ce \u00e0 son esth\u00e9tique et \u00e0 son design innovant. En savoir plus\" \/>\n<meta property=\"og:url\" content=\"https:\/\/www.bglegno.it\/fr\/prodotto\/yoko\/\" \/>\n<meta property=\"og:site_name\" content=\"BG Legno\" \/>\n<meta property=\"article:modified_time\" content=\"2026-02-11T14:42:07+00:00\" \/>\n<meta property=\"og:image\" content=\"https:\/\/www.bglegno.it\/wp-content\/uploads\/2024\/05\/BG-Legno_YOKO.jpg\" \/>\n\t<meta property=\"og:image:width\" content=\"2000\" \/>\n\t<meta property=\"og:image:height\" content=\"1819\" \/>\n\t<meta property=\"og:image:type\" content=\"image\/jpeg\" \/>\n<meta name=\"twitter:card\" content=\"summary_large_image\" \/>\n<meta name=\"twitter:label1\" content=\"Dur\u00e9e de lecture estim\u00e9e\" \/>\n\t<meta name=\"twitter:data1\" content=\"1 minute\" \/>\n<script type=\"application\/ld+json\" class=\"yoast-schema-graph\">{\"@context\":\"https:\\\/\\\/schema.org\",\"@graph\":[{\"@type\":\"WebPage\",\"@id\":\"https:\\\/\\\/www.bglegno.it\\\/fr\\\/prodotto\\\/yoko\\\/\",\"url\":\"https:\\\/\\\/www.bglegno.it\\\/fr\\\/prodotto\\\/yoko\\\/\",\"name\":\"Yoko - BG Legno - Menuserie tout bois - CAM - Bois FSC\",\"isPartOf\":{\"@id\":\"https:\\\/\\\/www.bglegno.it\\\/#website\"},\"primaryImageOfPage\":{\"@id\":\"https:\\\/\\\/www.bglegno.it\\\/fr\\\/prodotto\\\/yoko\\\/#primaryimage\"},\"image\":{\"@id\":\"https:\\\/\\\/www.bglegno.it\\\/fr\\\/prodotto\\\/yoko\\\/#primaryimage\"},\"thumbnailUrl\":\"https:\\\/\\\/www.bglegno.it\\\/wp-content\\\/uploads\\\/2024\\\/05\\\/BG-Legno_YOKO.jpg\",\"datePublished\":\"2024-05-10T08:13:23+00:00\",\"dateModified\":\"2026-02-11T14:42:07+00:00\",\"description\":\"Yoko est le dernier n\u00e9 de la maison BG Legno qui a d\u00e9j\u00e0 conquis le march\u00e9 gr\u00e2ce \u00e0 son esth\u00e9tique et \u00e0 son design innovant. En savoir plus\",\"breadcrumb\":{\"@id\":\"https:\\\/\\\/www.bglegno.it\\\/fr\\\/prodotto\\\/yoko\\\/#breadcrumb\"},\"inLanguage\":\"fr-FR\",\"potentialAction\":[{\"@type\":\"ReadAction\",\"target\":[\"https:\\\/\\\/www.bglegno.it\\\/fr\\\/prodotto\\\/yoko\\\/\"]}]},{\"@type\":\"ImageObject\",\"inLanguage\":\"fr-FR\",\"@id\":\"https:\\\/\\\/www.bglegno.it\\\/fr\\\/prodotto\\\/yoko\\\/#primaryimage\",\"url\":\"https:\\\/\\\/www.bglegno.it\\\/wp-content\\\/uploads\\\/2024\\\/05\\\/BG-Legno_YOKO.jpg\",\"contentUrl\":\"https:\\\/\\\/www.bglegno.it\\\/wp-content\\\/uploads\\\/2024\\\/05\\\/BG-Legno_YOKO.jpg\",\"width\":2000,\"height\":1819,\"caption\":\"Yoko, BG Legno Yoko, BG Legno\"},{\"@type\":\"BreadcrumbList\",\"@id\":\"https:\\\/\\\/www.bglegno.it\\\/fr\\\/prodotto\\\/yoko\\\/#breadcrumb\",\"itemListElement\":[{\"@type\":\"ListItem\",\"position\":1,\"name\":\"Home\",\"item\":\"https:\\\/\\\/www.bglegno.it\\\/fr\\\/accueil\\\/\"},{\"@type\":\"ListItem\",\"position\":2,\"name\":\"Prodotti\",\"item\":\"https:\\\/\\\/www.bglegno.it\\\/negozio\\\/\"},{\"@type\":\"ListItem\",\"position\":3,\"name\":\"Yoko\"}]},{\"@type\":\"WebSite\",\"@id\":\"https:\\\/\\\/www.bglegno.it\\\/#website\",\"url\":\"https:\\\/\\\/www.bglegno.it\\\/\",\"name\":\"BG Legno\",\"description\":\"Ad ogni casa la giusta finestra\",\"publisher\":{\"@id\":\"https:\\\/\\\/www.bglegno.it\\\/#organization\"},\"potentialAction\":[{\"@type\":\"SearchAction\",\"target\":{\"@type\":\"EntryPoint\",\"urlTemplate\":\"https:\\\/\\\/www.bglegno.it\\\/?s={search_term_string}\"},\"query-input\":{\"@type\":\"PropertyValueSpecification\",\"valueRequired\":true,\"valueName\":\"search_term_string\"}}],\"inLanguage\":\"fr-FR\"},{\"@type\":\"Organization\",\"@id\":\"https:\\\/\\\/www.bglegno.it\\\/#organization\",\"name\":\"BG Legno\",\"url\":\"https:\\\/\\\/www.bglegno.it\\\/\",\"logo\":{\"@type\":\"ImageObject\",\"inLanguage\":\"fr-FR\",\"@id\":\"https:\\\/\\\/www.bglegno.it\\\/#\\\/schema\\\/logo\\\/image\\\/\",\"url\":\"https:\\\/\\\/www.bglegno.it\\\/wp-content\\\/uploads\\\/2024\\\/12\\\/bg-legno.jpg\",\"contentUrl\":\"https:\\\/\\\/www.bglegno.it\\\/wp-content\\\/uploads\\\/2024\\\/12\\\/bg-legno.jpg\",\"width\":1038,\"height\":1038,\"caption\":\"BG Legno\"},\"image\":{\"@id\":\"https:\\\/\\\/www.bglegno.it\\\/#\\\/schema\\\/logo\\\/image\\\/\"}}]}<\/script>\n<!-- \/ Yoast SEO plugin. -->","yoast_head_json":{"title":"Yoko - BG Legno - Menuserie tout bois - CAM - Bois FSC","description":"Yoko est le dernier n\u00e9 de la maison BG Legno qui a d\u00e9j\u00e0 conquis le march\u00e9 gr\u00e2ce \u00e0 son esth\u00e9tique et \u00e0 son design innovant. En savoir plus","robots":{"index":"index","follow":"follow","max-snippet":"max-snippet:-1","max-image-preview":"max-image-preview:large","max-video-preview":"max-video-preview:-1"},"canonical":"https:\/\/www.bglegno.it\/fr\/prodotto\/yoko\/","og_locale":"fr_FR","og_type":"article","og_title":"Yoko - BG Legno - Menuserie tout bois - CAM - Bois FSC","og_description":"Yoko est le dernier n\u00e9 de la maison BG Legno qui a d\u00e9j\u00e0 conquis le march\u00e9 gr\u00e2ce \u00e0 son esth\u00e9tique et \u00e0 son design innovant. En savoir plus","og_url":"https:\/\/www.bglegno.it\/fr\/prodotto\/yoko\/","og_site_name":"BG Legno","article_modified_time":"2026-02-11T14:42:07+00:00","og_image":[{"width":2000,"height":1819,"url":"https:\/\/www.bglegno.it\/wp-content\/uploads\/2024\/05\/BG-Legno_YOKO.jpg","type":"image\/jpeg"}],"twitter_card":"summary_large_image","twitter_misc":{"Dur\u00e9e de lecture estim\u00e9e":"1 minute"},"schema":{"@context":"https:\/\/schema.org","@graph":[{"@type":"WebPage","@id":"https:\/\/www.bglegno.it\/fr\/prodotto\/yoko\/","url":"https:\/\/www.bglegno.it\/fr\/prodotto\/yoko\/","name":"Yoko - BG Legno - Menuserie tout bois - CAM - Bois FSC","isPartOf":{"@id":"https:\/\/www.bglegno.it\/#website"},"primaryImageOfPage":{"@id":"https:\/\/www.bglegno.it\/fr\/prodotto\/yoko\/#primaryimage"},"image":{"@id":"https:\/\/www.bglegno.it\/fr\/prodotto\/yoko\/#primaryimage"},"thumbnailUrl":"https:\/\/www.bglegno.it\/wp-content\/uploads\/2024\/05\/BG-Legno_YOKO.jpg","datePublished":"2024-05-10T08:13:23+00:00","dateModified":"2026-02-11T14:42:07+00:00","description":"Yoko est le dernier n\u00e9 de la maison BG Legno qui a d\u00e9j\u00e0 conquis le march\u00e9 gr\u00e2ce \u00e0 son esth\u00e9tique et \u00e0 son design innovant. En savoir plus","breadcrumb":{"@id":"https:\/\/www.bglegno.it\/fr\/prodotto\/yoko\/#breadcrumb"},"inLanguage":"fr-FR","potentialAction":[{"@type":"ReadAction","target":["https:\/\/www.bglegno.it\/fr\/prodotto\/yoko\/"]}]},{"@type":"ImageObject","inLanguage":"fr-FR","@id":"https:\/\/www.bglegno.it\/fr\/prodotto\/yoko\/#primaryimage","url":"https:\/\/www.bglegno.it\/wp-content\/uploads\/2024\/05\/BG-Legno_YOKO.jpg","contentUrl":"https:\/\/www.bglegno.it\/wp-content\/uploads\/2024\/05\/BG-Legno_YOKO.jpg","width":2000,"height":1819,"caption":"Yoko, BG Legno Yoko, BG Legno"},{"@type":"BreadcrumbList","@id":"https:\/\/www.bglegno.it\/fr\/prodotto\/yoko\/#breadcrumb","itemListElement":[{"@type":"ListItem","position":1,"name":"Home","item":"https:\/\/www.bglegno.it\/fr\/accueil\/"},{"@type":"ListItem","position":2,"name":"Prodotti","item":"https:\/\/www.bglegno.it\/negozio\/"},{"@type":"ListItem","position":3,"name":"Yoko"}]},{"@type":"WebSite","@id":"https:\/\/www.bglegno.it\/#website","url":"https:\/\/www.bglegno.it\/","name":"BG Legno","description":"Ad ogni casa la giusta finestra","publisher":{"@id":"https:\/\/www.bglegno.it\/#organization"},"potentialAction":[{"@type":"SearchAction","target":{"@type":"EntryPoint","urlTemplate":"https:\/\/www.bglegno.it\/?s={search_term_string}"},"query-input":{"@type":"PropertyValueSpecification","valueRequired":true,"valueName":"search_term_string"}}],"inLanguage":"fr-FR"},{"@type":"Organization","@id":"https:\/\/www.bglegno.it\/#organization","name":"BG Legno","url":"https:\/\/www.bglegno.it\/","logo":{"@type":"ImageObject","inLanguage":"fr-FR","@id":"https:\/\/www.bglegno.it\/#\/schema\/logo\/image\/","url":"https:\/\/www.bglegno.it\/wp-content\/uploads\/2024\/12\/bg-legno.jpg","contentUrl":"https:\/\/www.bglegno.it\/wp-content\/uploads\/2024\/12\/bg-legno.jpg","width":1038,"height":1038,"caption":"BG Legno"},"image":{"@id":"https:\/\/www.bglegno.it\/#\/schema\/logo\/image\/"}}]}},"_links":{"self":[{"href":"https:\/\/www.bglegno.it\/fr\/wp-json\/wp\/v2\/product\/11635","targetHints":{"allow":["GET"]}}],"collection":[{"href":"https:\/\/www.bglegno.it\/fr\/wp-json\/wp\/v2\/product"}],"about":[{"href":"https:\/\/www.bglegno.it\/fr\/wp-json\/wp\/v2\/types\/product"}],"version-history":[{"count":0,"href":"https:\/\/www.bglegno.it\/fr\/wp-json\/wp\/v2\/product\/11635\/revisions"}],"wp:featuredmedia":[{"embeddable":true,"href":"https:\/\/www.bglegno.it\/fr\/wp-json\/wp\/v2\/media\/11637"}],"wp:attachment":[{"href":"https:\/\/www.bglegno.it\/fr\/wp-json\/wp\/v2\/media?parent=11635"}],"wp:term":[{"taxonomy":"product_brand","embeddable":true,"href":"https:\/\/www.bglegno.it\/fr\/wp-json\/wp\/v2\/product_brand?post=11635"},{"taxonomy":"product_cat","embeddable":true,"href":"https:\/\/www.bglegno.it\/fr\/wp-json\/wp\/v2\/product_cat?post=11635"},{"taxonomy":"product_tag","embeddable":true,"href":"https:\/\/www.bglegno.it\/fr\/wp-json\/wp\/v2\/product_tag?post=11635"}],"curies":[{"name":"wp","href":"https:\/\/api.w.org\/{rel}","templated":true}]}}