{"id":11648,"date":"2023-12-13T09:49:10","date_gmt":"2023-12-13T08:49:10","guid":{"rendered":"https:\/\/www.bglegno.it\/prodotto\/romantica\/"},"modified":"2026-02-11T15:42:34","modified_gmt":"2026-02-11T14:42:34","slug":"romantica","status":"publish","type":"product","link":"https:\/\/www.bglegno.it\/fr\/prodotto\/romantica\/","title":{"rendered":"Romantica"},"content":{"rendered":"\t\t<div data-elementor-type=\"product-post\" data-elementor-id=\"11648\" class=\"elementor elementor-11648 elementor-8564\" data-elementor-post-type=\"product\">\n\t\t\t\t\t\t<section class=\"elementor-section elementor-top-section elementor-element elementor-element-e9d4411 elementor-section-full_width elementor-section-content-middle elementor-section-height-default elementor-section-height-default wpr-particle-no wpr-jarallax-no wpr-parallax-no wpr-sticky-section-no\" data-id=\"e9d4411\" data-element_type=\"section\" data-e-type=\"section\">\n\t\t\t\t\t\t<div class=\"elementor-container elementor-column-gap-default\">\n\t\t\t\t\t<div class=\"elementor-column elementor-col-100 elementor-top-column elementor-element elementor-element-39181c9\" data-id=\"39181c9\" data-element_type=\"column\" data-e-type=\"column\">\n\t\t\t<div class=\"elementor-widget-wrap elementor-element-populated\">\n\t\t\t\t\t\t<div class=\"elementor-element elementor-element-b84d57b elementor-widget elementor-widget-text-editor\" data-id=\"b84d57b\" data-element_type=\"widget\" data-e-type=\"widget\" data-widget_type=\"text-editor.default\">\n\t\t\t\t<div class=\"elementor-widget-container\">\n\t\t\t\t\t\t\t\t\t<p>Le mod\u00e8le Romantica est une fen\u00eatre enti\u00e8rement en bois con\u00e7ue pour laisser \u00e0 l&rsquo;histoire ses palais.<\/p><p><strong>Les lignes douces et arrondies incarnent l&rsquo;harmonie typique de l&rsquo;architecture turinoise, avec ses palais somptueux, \u00e9l\u00e9gants et intemporels.<span class=\"Apple-converted-space\"> <\/span><\/strong><\/p><p>Une menuiserie qui ne perd pas ses caract\u00e9ristiques formes, m\u00eame dans les accessoires. Les baguettes, volets et bossages reprennent les m\u00eames d\u00e9tails que le vantail. <\/p><p>Romantica est une fen\u00eatre au charme r\u00e9tro, parfaite pour les r\u00e9novations qui ne veulent pas d\u00e9naturer l&rsquo;essence impr\u00e9gn\u00e9e d&rsquo;histoire.<\/p>\t\t\t\t\t\t\t\t<\/div>\n\t\t\t\t<\/div>\n\t\t\t\t\t<\/div>\n\t\t<\/div>\n\t\t\t\t\t<\/div>\n\t\t<\/section>\n\t\t\t\t<\/div>\n\t\t","protected":false},"excerpt":{"rendered":"<p>Style italien, style des b\u00e2timents historiques.<\/p>\n","protected":false},"featured_media":11606,"template":"","meta":[],"product_brand":[],"product_cat":[107],"product_tag":[],"class_list":{"0":"post-11648","1":"product","2":"type-product","3":"status-publish","4":"has-post-thumbnail","6":"product_cat-bois","8":"first","9":"instock","10":"shipping-taxable","11":"purchasable","12":"product-type-variable"},"yoast_head":"<!-- This site is optimized with the Yoast SEO plugin v27.6 - https:\/\/yoast.com\/product\/yoast-seo-wordpress\/ -->\n<title>Romantica - BG Legno - Menuiserie tout bois<\/title>\n<meta name=\"description\" content=\"Romantica est une fen\u00eatre qui s&#039;inspire du style italien, celui des palais historiques pi\u00e9montais. Romantica est n\u00e9e entre \u00e9l\u00e9gance et raffinement.\" \/>\n<meta name=\"robots\" content=\"index, follow, max-snippet:-1, max-image-preview:large, max-video-preview:-1\" \/>\n<link rel=\"canonical\" href=\"https:\/\/www.bglegno.it\/fr\/prodotto\/romantica\/\" \/>\n<meta property=\"og:locale\" content=\"fr_FR\" \/>\n<meta property=\"og:type\" content=\"article\" \/>\n<meta property=\"og:title\" content=\"Romantica - BG Legno - Menuiserie tout bois\" \/>\n<meta property=\"og:description\" content=\"Romantica est une fen\u00eatre qui s&#039;inspire du style italien, celui des palais historiques pi\u00e9montais. Romantica est n\u00e9e entre \u00e9l\u00e9gance et raffinement.\" \/>\n<meta property=\"og:url\" content=\"https:\/\/www.bglegno.it\/fr\/prodotto\/romantica\/\" \/>\n<meta property=\"og:site_name\" content=\"BG Legno\" \/>\n<meta property=\"article:modified_time\" content=\"2026-02-11T14:42:34+00:00\" \/>\n<meta property=\"og:image\" content=\"https:\/\/www.bglegno.it\/wp-content\/uploads\/2024\/11\/BG-Legno_Romantica.jpg\" \/>\n\t<meta property=\"og:image:width\" content=\"1819\" \/>\n\t<meta property=\"og:image:height\" content=\"1819\" \/>\n\t<meta property=\"og:image:type\" content=\"image\/jpeg\" \/>\n<meta name=\"twitter:card\" content=\"summary_large_image\" \/>\n<meta name=\"twitter:label1\" content=\"Dur\u00e9e de lecture estim\u00e9e\" \/>\n\t<meta name=\"twitter:data1\" content=\"1 minute\" \/>\n<script type=\"application\/ld+json\" class=\"yoast-schema-graph\">{\"@context\":\"https:\\\/\\\/schema.org\",\"@graph\":[{\"@type\":\"WebPage\",\"@id\":\"https:\\\/\\\/www.bglegno.it\\\/fr\\\/prodotto\\\/romantica\\\/\",\"url\":\"https:\\\/\\\/www.bglegno.it\\\/fr\\\/prodotto\\\/romantica\\\/\",\"name\":\"Romantica - BG Legno - Menuiserie tout bois\",\"isPartOf\":{\"@id\":\"https:\\\/\\\/www.bglegno.it\\\/#website\"},\"primaryImageOfPage\":{\"@id\":\"https:\\\/\\\/www.bglegno.it\\\/fr\\\/prodotto\\\/romantica\\\/#primaryimage\"},\"image\":{\"@id\":\"https:\\\/\\\/www.bglegno.it\\\/fr\\\/prodotto\\\/romantica\\\/#primaryimage\"},\"thumbnailUrl\":\"https:\\\/\\\/www.bglegno.it\\\/wp-content\\\/uploads\\\/2024\\\/11\\\/BG-Legno_Romantica.jpg\",\"datePublished\":\"2023-12-13T08:49:10+00:00\",\"dateModified\":\"2026-02-11T14:42:34+00:00\",\"description\":\"Romantica est une fen\u00eatre qui s'inspire du style italien, celui des palais historiques pi\u00e9montais. Romantica est n\u00e9e entre \u00e9l\u00e9gance et raffinement.\",\"breadcrumb\":{\"@id\":\"https:\\\/\\\/www.bglegno.it\\\/fr\\\/prodotto\\\/romantica\\\/#breadcrumb\"},\"inLanguage\":\"fr-FR\",\"potentialAction\":[{\"@type\":\"ReadAction\",\"target\":[\"https:\\\/\\\/www.bglegno.it\\\/fr\\\/prodotto\\\/romantica\\\/\"]}]},{\"@type\":\"ImageObject\",\"inLanguage\":\"fr-FR\",\"@id\":\"https:\\\/\\\/www.bglegno.it\\\/fr\\\/prodotto\\\/romantica\\\/#primaryimage\",\"url\":\"https:\\\/\\\/www.bglegno.it\\\/wp-content\\\/uploads\\\/2024\\\/11\\\/BG-Legno_Romantica.jpg\",\"contentUrl\":\"https:\\\/\\\/www.bglegno.it\\\/wp-content\\\/uploads\\\/2024\\\/11\\\/BG-Legno_Romantica.jpg\",\"width\":1819,\"height\":1819,\"caption\":\"Romantica, BG-Legno_Romantica\"},{\"@type\":\"BreadcrumbList\",\"@id\":\"https:\\\/\\\/www.bglegno.it\\\/fr\\\/prodotto\\\/romantica\\\/#breadcrumb\",\"itemListElement\":[{\"@type\":\"ListItem\",\"position\":1,\"name\":\"Home\",\"item\":\"https:\\\/\\\/www.bglegno.it\\\/fr\\\/accueil\\\/\"},{\"@type\":\"ListItem\",\"position\":2,\"name\":\"Prodotti\",\"item\":\"https:\\\/\\\/www.bglegno.it\\\/negozio\\\/\"},{\"@type\":\"ListItem\",\"position\":3,\"name\":\"Romantica\"}]},{\"@type\":\"WebSite\",\"@id\":\"https:\\\/\\\/www.bglegno.it\\\/#website\",\"url\":\"https:\\\/\\\/www.bglegno.it\\\/\",\"name\":\"BG Legno\",\"description\":\"Ad ogni casa la giusta finestra\",\"publisher\":{\"@id\":\"https:\\\/\\\/www.bglegno.it\\\/#organization\"},\"potentialAction\":[{\"@type\":\"SearchAction\",\"target\":{\"@type\":\"EntryPoint\",\"urlTemplate\":\"https:\\\/\\\/www.bglegno.it\\\/?s={search_term_string}\"},\"query-input\":{\"@type\":\"PropertyValueSpecification\",\"valueRequired\":true,\"valueName\":\"search_term_string\"}}],\"inLanguage\":\"fr-FR\"},{\"@type\":\"Organization\",\"@id\":\"https:\\\/\\\/www.bglegno.it\\\/#organization\",\"name\":\"BG Legno\",\"url\":\"https:\\\/\\\/www.bglegno.it\\\/\",\"logo\":{\"@type\":\"ImageObject\",\"inLanguage\":\"fr-FR\",\"@id\":\"https:\\\/\\\/www.bglegno.it\\\/#\\\/schema\\\/logo\\\/image\\\/\",\"url\":\"https:\\\/\\\/www.bglegno.it\\\/wp-content\\\/uploads\\\/2024\\\/12\\\/bg-legno.jpg\",\"contentUrl\":\"https:\\\/\\\/www.bglegno.it\\\/wp-content\\\/uploads\\\/2024\\\/12\\\/bg-legno.jpg\",\"width\":1038,\"height\":1038,\"caption\":\"BG Legno\"},\"image\":{\"@id\":\"https:\\\/\\\/www.bglegno.it\\\/#\\\/schema\\\/logo\\\/image\\\/\"}}]}<\/script>\n<!-- \/ Yoast SEO plugin. -->","yoast_head_json":{"title":"Romantica - BG Legno - Menuiserie tout bois","description":"Romantica est une fen\u00eatre qui s'inspire du style italien, celui des palais historiques pi\u00e9montais. Romantica est n\u00e9e entre \u00e9l\u00e9gance et raffinement.","robots":{"index":"index","follow":"follow","max-snippet":"max-snippet:-1","max-image-preview":"max-image-preview:large","max-video-preview":"max-video-preview:-1"},"canonical":"https:\/\/www.bglegno.it\/fr\/prodotto\/romantica\/","og_locale":"fr_FR","og_type":"article","og_title":"Romantica - BG Legno - Menuiserie tout bois","og_description":"Romantica est une fen\u00eatre qui s'inspire du style italien, celui des palais historiques pi\u00e9montais. Romantica est n\u00e9e entre \u00e9l\u00e9gance et raffinement.","og_url":"https:\/\/www.bglegno.it\/fr\/prodotto\/romantica\/","og_site_name":"BG Legno","article_modified_time":"2026-02-11T14:42:34+00:00","og_image":[{"width":1819,"height":1819,"url":"https:\/\/www.bglegno.it\/wp-content\/uploads\/2024\/11\/BG-Legno_Romantica.jpg","type":"image\/jpeg"}],"twitter_card":"summary_large_image","twitter_misc":{"Dur\u00e9e de lecture estim\u00e9e":"1 minute"},"schema":{"@context":"https:\/\/schema.org","@graph":[{"@type":"WebPage","@id":"https:\/\/www.bglegno.it\/fr\/prodotto\/romantica\/","url":"https:\/\/www.bglegno.it\/fr\/prodotto\/romantica\/","name":"Romantica - BG Legno - Menuiserie tout bois","isPartOf":{"@id":"https:\/\/www.bglegno.it\/#website"},"primaryImageOfPage":{"@id":"https:\/\/www.bglegno.it\/fr\/prodotto\/romantica\/#primaryimage"},"image":{"@id":"https:\/\/www.bglegno.it\/fr\/prodotto\/romantica\/#primaryimage"},"thumbnailUrl":"https:\/\/www.bglegno.it\/wp-content\/uploads\/2024\/11\/BG-Legno_Romantica.jpg","datePublished":"2023-12-13T08:49:10+00:00","dateModified":"2026-02-11T14:42:34+00:00","description":"Romantica est une fen\u00eatre qui s'inspire du style italien, celui des palais historiques pi\u00e9montais. Romantica est n\u00e9e entre \u00e9l\u00e9gance et raffinement.","breadcrumb":{"@id":"https:\/\/www.bglegno.it\/fr\/prodotto\/romantica\/#breadcrumb"},"inLanguage":"fr-FR","potentialAction":[{"@type":"ReadAction","target":["https:\/\/www.bglegno.it\/fr\/prodotto\/romantica\/"]}]},{"@type":"ImageObject","inLanguage":"fr-FR","@id":"https:\/\/www.bglegno.it\/fr\/prodotto\/romantica\/#primaryimage","url":"https:\/\/www.bglegno.it\/wp-content\/uploads\/2024\/11\/BG-Legno_Romantica.jpg","contentUrl":"https:\/\/www.bglegno.it\/wp-content\/uploads\/2024\/11\/BG-Legno_Romantica.jpg","width":1819,"height":1819,"caption":"Romantica, BG-Legno_Romantica"},{"@type":"BreadcrumbList","@id":"https:\/\/www.bglegno.it\/fr\/prodotto\/romantica\/#breadcrumb","itemListElement":[{"@type":"ListItem","position":1,"name":"Home","item":"https:\/\/www.bglegno.it\/fr\/accueil\/"},{"@type":"ListItem","position":2,"name":"Prodotti","item":"https:\/\/www.bglegno.it\/negozio\/"},{"@type":"ListItem","position":3,"name":"Romantica"}]},{"@type":"WebSite","@id":"https:\/\/www.bglegno.it\/#website","url":"https:\/\/www.bglegno.it\/","name":"BG Legno","description":"Ad ogni casa la giusta finestra","publisher":{"@id":"https:\/\/www.bglegno.it\/#organization"},"potentialAction":[{"@type":"SearchAction","target":{"@type":"EntryPoint","urlTemplate":"https:\/\/www.bglegno.it\/?s={search_term_string}"},"query-input":{"@type":"PropertyValueSpecification","valueRequired":true,"valueName":"search_term_string"}}],"inLanguage":"fr-FR"},{"@type":"Organization","@id":"https:\/\/www.bglegno.it\/#organization","name":"BG Legno","url":"https:\/\/www.bglegno.it\/","logo":{"@type":"ImageObject","inLanguage":"fr-FR","@id":"https:\/\/www.bglegno.it\/#\/schema\/logo\/image\/","url":"https:\/\/www.bglegno.it\/wp-content\/uploads\/2024\/12\/bg-legno.jpg","contentUrl":"https:\/\/www.bglegno.it\/wp-content\/uploads\/2024\/12\/bg-legno.jpg","width":1038,"height":1038,"caption":"BG Legno"},"image":{"@id":"https:\/\/www.bglegno.it\/#\/schema\/logo\/image\/"}}]}},"_links":{"self":[{"href":"https:\/\/www.bglegno.it\/fr\/wp-json\/wp\/v2\/product\/11648","targetHints":{"allow":["GET"]}}],"collection":[{"href":"https:\/\/www.bglegno.it\/fr\/wp-json\/wp\/v2\/product"}],"about":[{"href":"https:\/\/www.bglegno.it\/fr\/wp-json\/wp\/v2\/types\/product"}],"version-history":[{"count":0,"href":"https:\/\/www.bglegno.it\/fr\/wp-json\/wp\/v2\/product\/11648\/revisions"}],"wp:featuredmedia":[{"embeddable":true,"href":"https:\/\/www.bglegno.it\/fr\/wp-json\/wp\/v2\/media\/11606"}],"wp:attachment":[{"href":"https:\/\/www.bglegno.it\/fr\/wp-json\/wp\/v2\/media?parent=11648"}],"wp:term":[{"taxonomy":"product_brand","embeddable":true,"href":"https:\/\/www.bglegno.it\/fr\/wp-json\/wp\/v2\/product_brand?post=11648"},{"taxonomy":"product_cat","embeddable":true,"href":"https:\/\/www.bglegno.it\/fr\/wp-json\/wp\/v2\/product_cat?post=11648"},{"taxonomy":"product_tag","embeddable":true,"href":"https:\/\/www.bglegno.it\/fr\/wp-json\/wp\/v2\/product_tag?post=11648"}],"curies":[{"name":"wp","href":"https:\/\/api.w.org\/{rel}","templated":true}]}}