{"id":11670,"date":"2023-09-05T16:35:36","date_gmt":"2023-09-05T14:35:36","guid":{"rendered":"https:\/\/www.bglegno.it\/prodotto\/cloud\/"},"modified":"2026-02-11T15:44:19","modified_gmt":"2026-02-11T14:44:19","slug":"cloud","status":"publish","type":"product","link":"https:\/\/www.bglegno.it\/fr\/prodotto\/cloud\/","title":{"rendered":"Cloud"},"content":{"rendered":"\t\t<div data-elementor-type=\"product-post\" data-elementor-id=\"11670\" class=\"elementor elementor-11670 elementor-6801\" data-elementor-post-type=\"product\">\n\t\t\t\t\t\t<section class=\"elementor-section elementor-top-section elementor-element elementor-element-99298dc elementor-section-full_width elementor-section-content-middle elementor-section-height-default elementor-section-height-default wpr-particle-no wpr-jarallax-no wpr-parallax-no wpr-sticky-section-no\" data-id=\"99298dc\" data-element_type=\"section\" data-e-type=\"section\">\n\t\t\t\t\t\t<div class=\"elementor-container elementor-column-gap-default\">\n\t\t\t\t\t<div class=\"elementor-column elementor-col-100 elementor-top-column elementor-element elementor-element-91db4f9\" data-id=\"91db4f9\" data-element_type=\"column\" data-e-type=\"column\">\n\t\t\t<div class=\"elementor-widget-wrap elementor-element-populated\">\n\t\t\t\t\t\t<div class=\"elementor-element elementor-element-24098f9 elementor-widget elementor-widget-text-editor\" data-id=\"24098f9\" data-element_type=\"widget\" data-e-type=\"widget\" data-widget_type=\"text-editor.default\">\n\t\t\t\t<div class=\"elementor-widget-container\">\n\t\t\t\t\t\t\t\t\t<p>Le mod\u00e8le Cloud est une menuiserie con\u00e7ue dans un objectif bien pr\u00e9cis : parfois, le meilleur choix est de ne pas choisir.<span class=\"Apple-converted-space\"> <\/span><\/p><p><strong>Un design int\u00e9rieur coplanaire qui, \u00e0 l&rsquo;ext\u00e9rieur, rencontre trois mat\u00e9riaux diff\u00e9rents : le bois, l&rsquo;aluminium et le verre. Cloud est une menuiserie polyvalente qui apporte une harmonie parfaite aux espaces int\u00e9rieurs et une solution diversifi\u00e9e pour les ext\u00e9rieurs, avec un choix de mat\u00e9riaux adapt\u00e9s aux besoins du contexte ou aux exigences d&rsquo;entretien. <span class=\"Apple-converted-space\"> <\/span><\/strong><\/p><p>Pourquoi en choisir un seul quand vous pouvez les avoir tous les trois ?<\/p>\t\t\t\t\t\t\t\t<\/div>\n\t\t\t\t<\/div>\n\t\t\t\t\t<\/div>\n\t\t<\/div>\n\t\t\t\t\t<\/div>\n\t\t<\/section>\n\t\t\t\t<\/div>\n\t\t","protected":false},"excerpt":{"rendered":"<p>Laissez-vous s\u00e9duire par le design coplanaire.<\/p>\n","protected":false},"featured_media":11603,"template":"","meta":[],"product_brand":[],"product_cat":[107,109,110],"product_tag":[],"class_list":{"0":"post-11670","1":"product","2":"type-product","3":"status-publish","4":"has-post-thumbnail","6":"product_cat-bois","7":"product_cat-bois-aluminiun","8":"product_cat-bois-verre","10":"first","11":"instock","12":"shipping-taxable","13":"purchasable","14":"product-type-variable","15":"has-default-attributes"},"yoast_head":"<!-- This site is optimized with the Yoast SEO plugin v27.6 - https:\/\/yoast.com\/product\/yoast-seo-wordpress\/ -->\n<title>Cloud - BG Legno - Choisissez votre configuration externe pr\u00e9f\u00e9r\u00e9e<\/title>\n<meta name=\"description\" content=\"Cloud est un cadre de fen\u00eatre qui se comporte comme un \u00e9cosyst\u00e8me. Int\u00e9rieur et ext\u00e9rieur en bois avec un choix de bois, d&#039;aluminium et de verre.\" \/>\n<meta name=\"robots\" content=\"index, follow, max-snippet:-1, max-image-preview:large, max-video-preview:-1\" \/>\n<link rel=\"canonical\" href=\"https:\/\/www.bglegno.it\/fr\/prodotto\/cloud\/\" \/>\n<meta property=\"og:locale\" content=\"fr_FR\" \/>\n<meta property=\"og:type\" content=\"article\" \/>\n<meta property=\"og:title\" content=\"Cloud - BG Legno - Choisissez votre configuration externe pr\u00e9f\u00e9r\u00e9e\" \/>\n<meta property=\"og:description\" content=\"Cloud est un cadre de fen\u00eatre qui se comporte comme un \u00e9cosyst\u00e8me. Int\u00e9rieur et ext\u00e9rieur en bois avec un choix de bois, d&#039;aluminium et de verre.\" \/>\n<meta property=\"og:url\" content=\"https:\/\/www.bglegno.it\/fr\/prodotto\/cloud\/\" \/>\n<meta property=\"og:site_name\" content=\"BG Legno\" \/>\n<meta property=\"article:modified_time\" content=\"2026-02-11T14:44:19+00:00\" \/>\n<meta property=\"og:image\" content=\"https:\/\/www.bglegno.it\/wp-content\/uploads\/2024\/11\/BG-Legno_Sistema-Cloud.jpg\" \/>\n\t<meta property=\"og:image:width\" content=\"1811\" \/>\n\t<meta property=\"og:image:height\" content=\"1811\" \/>\n\t<meta property=\"og:image:type\" content=\"image\/jpeg\" \/>\n<meta name=\"twitter:card\" content=\"summary_large_image\" \/>\n<meta name=\"twitter:label1\" content=\"Dur\u00e9e de lecture estim\u00e9e\" \/>\n\t<meta name=\"twitter:data1\" content=\"1 minute\" \/>\n<script type=\"application\/ld+json\" class=\"yoast-schema-graph\">{\"@context\":\"https:\\\/\\\/schema.org\",\"@graph\":[{\"@type\":\"WebPage\",\"@id\":\"https:\\\/\\\/www.bglegno.it\\\/fr\\\/prodotto\\\/cloud\\\/\",\"url\":\"https:\\\/\\\/www.bglegno.it\\\/fr\\\/prodotto\\\/cloud\\\/\",\"name\":\"Cloud - BG Legno - Choisissez votre configuration externe pr\u00e9f\u00e9r\u00e9e\",\"isPartOf\":{\"@id\":\"https:\\\/\\\/www.bglegno.it\\\/#website\"},\"primaryImageOfPage\":{\"@id\":\"https:\\\/\\\/www.bglegno.it\\\/fr\\\/prodotto\\\/cloud\\\/#primaryimage\"},\"image\":{\"@id\":\"https:\\\/\\\/www.bglegno.it\\\/fr\\\/prodotto\\\/cloud\\\/#primaryimage\"},\"thumbnailUrl\":\"https:\\\/\\\/www.bglegno.it\\\/wp-content\\\/uploads\\\/2024\\\/11\\\/BG-Legno_Sistema-Cloud.jpg\",\"datePublished\":\"2023-09-05T14:35:36+00:00\",\"dateModified\":\"2026-02-11T14:44:19+00:00\",\"description\":\"Cloud est un cadre de fen\u00eatre qui se comporte comme un \u00e9cosyst\u00e8me. Int\u00e9rieur et ext\u00e9rieur en bois avec un choix de bois, d'aluminium et de verre.\",\"breadcrumb\":{\"@id\":\"https:\\\/\\\/www.bglegno.it\\\/fr\\\/prodotto\\\/cloud\\\/#breadcrumb\"},\"inLanguage\":\"fr-FR\",\"potentialAction\":[{\"@type\":\"ReadAction\",\"target\":[\"https:\\\/\\\/www.bglegno.it\\\/fr\\\/prodotto\\\/cloud\\\/\"]}]},{\"@type\":\"ImageObject\",\"inLanguage\":\"fr-FR\",\"@id\":\"https:\\\/\\\/www.bglegno.it\\\/fr\\\/prodotto\\\/cloud\\\/#primaryimage\",\"url\":\"https:\\\/\\\/www.bglegno.it\\\/wp-content\\\/uploads\\\/2024\\\/11\\\/BG-Legno_Sistema-Cloud.jpg\",\"contentUrl\":\"https:\\\/\\\/www.bglegno.it\\\/wp-content\\\/uploads\\\/2024\\\/11\\\/BG-Legno_Sistema-Cloud.jpg\",\"width\":1811,\"height\":1811,\"caption\":\"Cloud, BG-Legno_Sistema-Cloud\"},{\"@type\":\"BreadcrumbList\",\"@id\":\"https:\\\/\\\/www.bglegno.it\\\/fr\\\/prodotto\\\/cloud\\\/#breadcrumb\",\"itemListElement\":[{\"@type\":\"ListItem\",\"position\":1,\"name\":\"Home\",\"item\":\"https:\\\/\\\/www.bglegno.it\\\/fr\\\/accueil\\\/\"},{\"@type\":\"ListItem\",\"position\":2,\"name\":\"Prodotti\",\"item\":\"https:\\\/\\\/www.bglegno.it\\\/negozio\\\/\"},{\"@type\":\"ListItem\",\"position\":3,\"name\":\"Cloud\"}]},{\"@type\":\"WebSite\",\"@id\":\"https:\\\/\\\/www.bglegno.it\\\/#website\",\"url\":\"https:\\\/\\\/www.bglegno.it\\\/\",\"name\":\"BG Legno\",\"description\":\"Ad ogni casa la giusta finestra\",\"publisher\":{\"@id\":\"https:\\\/\\\/www.bglegno.it\\\/#organization\"},\"potentialAction\":[{\"@type\":\"SearchAction\",\"target\":{\"@type\":\"EntryPoint\",\"urlTemplate\":\"https:\\\/\\\/www.bglegno.it\\\/?s={search_term_string}\"},\"query-input\":{\"@type\":\"PropertyValueSpecification\",\"valueRequired\":true,\"valueName\":\"search_term_string\"}}],\"inLanguage\":\"fr-FR\"},{\"@type\":\"Organization\",\"@id\":\"https:\\\/\\\/www.bglegno.it\\\/#organization\",\"name\":\"BG Legno\",\"url\":\"https:\\\/\\\/www.bglegno.it\\\/\",\"logo\":{\"@type\":\"ImageObject\",\"inLanguage\":\"fr-FR\",\"@id\":\"https:\\\/\\\/www.bglegno.it\\\/#\\\/schema\\\/logo\\\/image\\\/\",\"url\":\"https:\\\/\\\/www.bglegno.it\\\/wp-content\\\/uploads\\\/2024\\\/12\\\/bg-legno.jpg\",\"contentUrl\":\"https:\\\/\\\/www.bglegno.it\\\/wp-content\\\/uploads\\\/2024\\\/12\\\/bg-legno.jpg\",\"width\":1038,\"height\":1038,\"caption\":\"BG Legno\"},\"image\":{\"@id\":\"https:\\\/\\\/www.bglegno.it\\\/#\\\/schema\\\/logo\\\/image\\\/\"}}]}<\/script>\n<!-- \/ Yoast SEO plugin. -->","yoast_head_json":{"title":"Cloud - BG Legno - Choisissez votre configuration externe pr\u00e9f\u00e9r\u00e9e","description":"Cloud est un cadre de fen\u00eatre qui se comporte comme un \u00e9cosyst\u00e8me. Int\u00e9rieur et ext\u00e9rieur en bois avec un choix de bois, d'aluminium et de verre.","robots":{"index":"index","follow":"follow","max-snippet":"max-snippet:-1","max-image-preview":"max-image-preview:large","max-video-preview":"max-video-preview:-1"},"canonical":"https:\/\/www.bglegno.it\/fr\/prodotto\/cloud\/","og_locale":"fr_FR","og_type":"article","og_title":"Cloud - BG Legno - Choisissez votre configuration externe pr\u00e9f\u00e9r\u00e9e","og_description":"Cloud est un cadre de fen\u00eatre qui se comporte comme un \u00e9cosyst\u00e8me. Int\u00e9rieur et ext\u00e9rieur en bois avec un choix de bois, d'aluminium et de verre.","og_url":"https:\/\/www.bglegno.it\/fr\/prodotto\/cloud\/","og_site_name":"BG Legno","article_modified_time":"2026-02-11T14:44:19+00:00","og_image":[{"width":1811,"height":1811,"url":"https:\/\/www.bglegno.it\/wp-content\/uploads\/2024\/11\/BG-Legno_Sistema-Cloud.jpg","type":"image\/jpeg"}],"twitter_card":"summary_large_image","twitter_misc":{"Dur\u00e9e de lecture estim\u00e9e":"1 minute"},"schema":{"@context":"https:\/\/schema.org","@graph":[{"@type":"WebPage","@id":"https:\/\/www.bglegno.it\/fr\/prodotto\/cloud\/","url":"https:\/\/www.bglegno.it\/fr\/prodotto\/cloud\/","name":"Cloud - BG Legno - Choisissez votre configuration externe pr\u00e9f\u00e9r\u00e9e","isPartOf":{"@id":"https:\/\/www.bglegno.it\/#website"},"primaryImageOfPage":{"@id":"https:\/\/www.bglegno.it\/fr\/prodotto\/cloud\/#primaryimage"},"image":{"@id":"https:\/\/www.bglegno.it\/fr\/prodotto\/cloud\/#primaryimage"},"thumbnailUrl":"https:\/\/www.bglegno.it\/wp-content\/uploads\/2024\/11\/BG-Legno_Sistema-Cloud.jpg","datePublished":"2023-09-05T14:35:36+00:00","dateModified":"2026-02-11T14:44:19+00:00","description":"Cloud est un cadre de fen\u00eatre qui se comporte comme un \u00e9cosyst\u00e8me. Int\u00e9rieur et ext\u00e9rieur en bois avec un choix de bois, d'aluminium et de verre.","breadcrumb":{"@id":"https:\/\/www.bglegno.it\/fr\/prodotto\/cloud\/#breadcrumb"},"inLanguage":"fr-FR","potentialAction":[{"@type":"ReadAction","target":["https:\/\/www.bglegno.it\/fr\/prodotto\/cloud\/"]}]},{"@type":"ImageObject","inLanguage":"fr-FR","@id":"https:\/\/www.bglegno.it\/fr\/prodotto\/cloud\/#primaryimage","url":"https:\/\/www.bglegno.it\/wp-content\/uploads\/2024\/11\/BG-Legno_Sistema-Cloud.jpg","contentUrl":"https:\/\/www.bglegno.it\/wp-content\/uploads\/2024\/11\/BG-Legno_Sistema-Cloud.jpg","width":1811,"height":1811,"caption":"Cloud, BG-Legno_Sistema-Cloud"},{"@type":"BreadcrumbList","@id":"https:\/\/www.bglegno.it\/fr\/prodotto\/cloud\/#breadcrumb","itemListElement":[{"@type":"ListItem","position":1,"name":"Home","item":"https:\/\/www.bglegno.it\/fr\/accueil\/"},{"@type":"ListItem","position":2,"name":"Prodotti","item":"https:\/\/www.bglegno.it\/negozio\/"},{"@type":"ListItem","position":3,"name":"Cloud"}]},{"@type":"WebSite","@id":"https:\/\/www.bglegno.it\/#website","url":"https:\/\/www.bglegno.it\/","name":"BG Legno","description":"Ad ogni casa la giusta finestra","publisher":{"@id":"https:\/\/www.bglegno.it\/#organization"},"potentialAction":[{"@type":"SearchAction","target":{"@type":"EntryPoint","urlTemplate":"https:\/\/www.bglegno.it\/?s={search_term_string}"},"query-input":{"@type":"PropertyValueSpecification","valueRequired":true,"valueName":"search_term_string"}}],"inLanguage":"fr-FR"},{"@type":"Organization","@id":"https:\/\/www.bglegno.it\/#organization","name":"BG Legno","url":"https:\/\/www.bglegno.it\/","logo":{"@type":"ImageObject","inLanguage":"fr-FR","@id":"https:\/\/www.bglegno.it\/#\/schema\/logo\/image\/","url":"https:\/\/www.bglegno.it\/wp-content\/uploads\/2024\/12\/bg-legno.jpg","contentUrl":"https:\/\/www.bglegno.it\/wp-content\/uploads\/2024\/12\/bg-legno.jpg","width":1038,"height":1038,"caption":"BG Legno"},"image":{"@id":"https:\/\/www.bglegno.it\/#\/schema\/logo\/image\/"}}]}},"_links":{"self":[{"href":"https:\/\/www.bglegno.it\/fr\/wp-json\/wp\/v2\/product\/11670","targetHints":{"allow":["GET"]}}],"collection":[{"href":"https:\/\/www.bglegno.it\/fr\/wp-json\/wp\/v2\/product"}],"about":[{"href":"https:\/\/www.bglegno.it\/fr\/wp-json\/wp\/v2\/types\/product"}],"version-history":[{"count":0,"href":"https:\/\/www.bglegno.it\/fr\/wp-json\/wp\/v2\/product\/11670\/revisions"}],"wp:featuredmedia":[{"embeddable":true,"href":"https:\/\/www.bglegno.it\/fr\/wp-json\/wp\/v2\/media\/11603"}],"wp:attachment":[{"href":"https:\/\/www.bglegno.it\/fr\/wp-json\/wp\/v2\/media?parent=11670"}],"wp:term":[{"taxonomy":"product_brand","embeddable":true,"href":"https:\/\/www.bglegno.it\/fr\/wp-json\/wp\/v2\/product_brand?post=11670"},{"taxonomy":"product_cat","embeddable":true,"href":"https:\/\/www.bglegno.it\/fr\/wp-json\/wp\/v2\/product_cat?post=11670"},{"taxonomy":"product_tag","embeddable":true,"href":"https:\/\/www.bglegno.it\/fr\/wp-json\/wp\/v2\/product_tag?post=11670"}],"curies":[{"name":"wp","href":"https:\/\/api.w.org\/{rel}","templated":true}]}}