{"id":12506,"date":"2025-05-06T12:42:27","date_gmt":"2025-05-06T10:42:27","guid":{"rendered":"https:\/\/www.bglegno.it\/prodotto\/intra\/"},"modified":"2026-02-11T15:41:21","modified_gmt":"2026-02-11T14:41:21","slug":"intra","status":"publish","type":"product","link":"https:\/\/www.bglegno.it\/fr\/prodotto\/intra\/","title":{"rendered":"Intra"},"content":{"rendered":"\t\t<div data-elementor-type=\"product-post\" data-elementor-id=\"12506\" class=\"elementor elementor-12506 elementor-11758\" data-elementor-post-type=\"product\">\n\t\t\t\t\t\t<section class=\"elementor-section elementor-top-section elementor-element elementor-element-99298dc elementor-section-full_width elementor-section-content-middle elementor-section-height-default elementor-section-height-default wpr-particle-no wpr-jarallax-no wpr-parallax-no wpr-sticky-section-no\" data-id=\"99298dc\" data-element_type=\"section\" data-e-type=\"section\">\n\t\t\t\t\t\t<div class=\"elementor-container elementor-column-gap-default\">\n\t\t\t\t\t<div class=\"elementor-column elementor-col-100 elementor-top-column elementor-element elementor-element-91db4f9\" data-id=\"91db4f9\" data-element_type=\"column\" data-e-type=\"column\">\n\t\t\t<div class=\"elementor-widget-wrap elementor-element-populated\">\n\t\t\t\t\t\t<div class=\"elementor-element elementor-element-24098f9 elementor-widget elementor-widget-text-editor\" data-id=\"24098f9\" data-element_type=\"widget\" data-e-type=\"widget\" data-widget_type=\"text-editor.default\">\n\t\t\t\t<div class=\"elementor-widget-container\">\n\t\t\t\t\t\t\t\t\t<p>Le mod\u00e8le Intra est une porte coulissante \u00e0 levage con\u00e7ue avec un double rev\u00eatement : version tout bois et version bois et aluminium.<\/p><p><strong>Une fen\u00eatre coulissante adapt\u00e9e \u00e0 tous les contextes ; la version avec ext\u00e9rieur en aluminium projette Intra vers des contextes magnifiques mais insidieux, comme au bord d&rsquo;une piscine ou \u00e0 pic sur la mer.<\/strong><\/p><p>Intra prend forme gr\u00e2ce \u00e0 une technologie de construction de pointe. C&rsquo;est pourquoi il peut \u00eatre \u00e9quip\u00e9 d&rsquo;une moustiquaire escamotable int\u00e9gr\u00e9e et\/ou d&rsquo;un seuil encastr\u00e9 dans le sol. <\/p>\t\t\t\t\t\t\t\t<\/div>\n\t\t\t\t<\/div>\n\t\t\t\t\t<\/div>\n\t\t<\/div>\n\t\t\t\t\t<\/div>\n\t\t<\/section>\n\t\t\t\t<\/div>\n\t\t","protected":false},"excerpt":{"rendered":"<p>Le filtre parfait pour la lumi\u00e8re naturelle.<\/p>\n","protected":false},"featured_media":12713,"template":"","meta":[],"product_brand":[],"product_cat":[107,109],"product_tag":[],"class_list":{"0":"post-12506","1":"product","2":"type-product","3":"status-publish","4":"has-post-thumbnail","6":"product_cat-bois","7":"product_cat-bois-aluminiun","9":"first","10":"instock","11":"shipping-taxable","12":"purchasable","13":"product-type-variable"},"yoast_head":"<!-- This site is optimized with the Yoast SEO plugin v27.6 - https:\/\/yoast.com\/product\/yoast-seo-wordpress\/ -->\n<title>Intra - BG Legno - Choisissez votre configuration externe pr\u00e9f\u00e9r\u00e9e<\/title>\n<meta name=\"description\" content=\"Intra est le nouveau syst\u00e8me de menuiseries coulissantes BG Legno. Un mod\u00e8le, deux variantes. Choisissez votre configuration ext\u00e9rieure pr\u00e9f\u00e9r\u00e9e.\" \/>\n<meta name=\"robots\" content=\"index, follow, max-snippet:-1, max-image-preview:large, max-video-preview:-1\" \/>\n<link rel=\"canonical\" href=\"https:\/\/www.bglegno.it\/fr\/prodotto\/intra\/\" \/>\n<meta property=\"og:locale\" content=\"fr_FR\" \/>\n<meta property=\"og:type\" content=\"article\" \/>\n<meta property=\"og:title\" content=\"Intra - BG Legno - Choisissez votre configuration externe pr\u00e9f\u00e9r\u00e9e\" \/>\n<meta property=\"og:description\" content=\"Intra est le nouveau syst\u00e8me de menuiseries coulissantes BG Legno. Un mod\u00e8le, deux variantes. Choisissez votre configuration ext\u00e9rieure pr\u00e9f\u00e9r\u00e9e.\" \/>\n<meta property=\"og:url\" content=\"https:\/\/www.bglegno.it\/fr\/prodotto\/intra\/\" \/>\n<meta property=\"og:site_name\" content=\"BG Legno\" \/>\n<meta property=\"article:modified_time\" content=\"2026-02-11T14:41:21+00:00\" \/>\n<meta property=\"og:image\" content=\"https:\/\/www.bglegno.it\/wp-content\/uploads\/2025\/05\/BG-Legno_Intra-interno.jpg\" \/>\n\t<meta property=\"og:image:width\" content=\"2000\" \/>\n\t<meta property=\"og:image:height\" content=\"2000\" \/>\n\t<meta property=\"og:image:type\" content=\"image\/jpeg\" \/>\n<meta name=\"twitter:card\" content=\"summary_large_image\" \/>\n<meta name=\"twitter:label1\" content=\"Dur\u00e9e de lecture estim\u00e9e\" \/>\n\t<meta name=\"twitter:data1\" content=\"1 minute\" \/>\n<script type=\"application\/ld+json\" class=\"yoast-schema-graph\">{\"@context\":\"https:\\\/\\\/schema.org\",\"@graph\":[{\"@type\":\"WebPage\",\"@id\":\"https:\\\/\\\/www.bglegno.it\\\/fr\\\/prodotto\\\/intra\\\/\",\"url\":\"https:\\\/\\\/www.bglegno.it\\\/fr\\\/prodotto\\\/intra\\\/\",\"name\":\"Intra - BG Legno - Choisissez votre configuration externe pr\u00e9f\u00e9r\u00e9e\",\"isPartOf\":{\"@id\":\"https:\\\/\\\/www.bglegno.it\\\/#website\"},\"primaryImageOfPage\":{\"@id\":\"https:\\\/\\\/www.bglegno.it\\\/fr\\\/prodotto\\\/intra\\\/#primaryimage\"},\"image\":{\"@id\":\"https:\\\/\\\/www.bglegno.it\\\/fr\\\/prodotto\\\/intra\\\/#primaryimage\"},\"thumbnailUrl\":\"https:\\\/\\\/www.bglegno.it\\\/wp-content\\\/uploads\\\/2025\\\/05\\\/BG-Legno_Intra-interno.jpg\",\"datePublished\":\"2025-05-06T10:42:27+00:00\",\"dateModified\":\"2026-02-11T14:41:21+00:00\",\"description\":\"Intra est le nouveau syst\u00e8me de menuiseries coulissantes BG Legno. Un mod\u00e8le, deux variantes. Choisissez votre configuration ext\u00e9rieure pr\u00e9f\u00e9r\u00e9e.\",\"breadcrumb\":{\"@id\":\"https:\\\/\\\/www.bglegno.it\\\/fr\\\/prodotto\\\/intra\\\/#breadcrumb\"},\"inLanguage\":\"fr-FR\",\"potentialAction\":[{\"@type\":\"ReadAction\",\"target\":[\"https:\\\/\\\/www.bglegno.it\\\/fr\\\/prodotto\\\/intra\\\/\"]}]},{\"@type\":\"ImageObject\",\"inLanguage\":\"fr-FR\",\"@id\":\"https:\\\/\\\/www.bglegno.it\\\/fr\\\/prodotto\\\/intra\\\/#primaryimage\",\"url\":\"https:\\\/\\\/www.bglegno.it\\\/wp-content\\\/uploads\\\/2025\\\/05\\\/BG-Legno_Intra-interno.jpg\",\"contentUrl\":\"https:\\\/\\\/www.bglegno.it\\\/wp-content\\\/uploads\\\/2025\\\/05\\\/BG-Legno_Intra-interno.jpg\",\"width\":2000,\"height\":2000,\"caption\":\"sistema Intra BG Legno\"},{\"@type\":\"BreadcrumbList\",\"@id\":\"https:\\\/\\\/www.bglegno.it\\\/fr\\\/prodotto\\\/intra\\\/#breadcrumb\",\"itemListElement\":[{\"@type\":\"ListItem\",\"position\":1,\"name\":\"Home\",\"item\":\"https:\\\/\\\/www.bglegno.it\\\/fr\\\/accueil\\\/\"},{\"@type\":\"ListItem\",\"position\":2,\"name\":\"Prodotti\",\"item\":\"https:\\\/\\\/www.bglegno.it\\\/negozio\\\/\"},{\"@type\":\"ListItem\",\"position\":3,\"name\":\"Intra\"}]},{\"@type\":\"WebSite\",\"@id\":\"https:\\\/\\\/www.bglegno.it\\\/#website\",\"url\":\"https:\\\/\\\/www.bglegno.it\\\/\",\"name\":\"BG Legno\",\"description\":\"Ad ogni casa la giusta finestra\",\"publisher\":{\"@id\":\"https:\\\/\\\/www.bglegno.it\\\/#organization\"},\"potentialAction\":[{\"@type\":\"SearchAction\",\"target\":{\"@type\":\"EntryPoint\",\"urlTemplate\":\"https:\\\/\\\/www.bglegno.it\\\/?s={search_term_string}\"},\"query-input\":{\"@type\":\"PropertyValueSpecification\",\"valueRequired\":true,\"valueName\":\"search_term_string\"}}],\"inLanguage\":\"fr-FR\"},{\"@type\":\"Organization\",\"@id\":\"https:\\\/\\\/www.bglegno.it\\\/#organization\",\"name\":\"BG Legno\",\"url\":\"https:\\\/\\\/www.bglegno.it\\\/\",\"logo\":{\"@type\":\"ImageObject\",\"inLanguage\":\"fr-FR\",\"@id\":\"https:\\\/\\\/www.bglegno.it\\\/#\\\/schema\\\/logo\\\/image\\\/\",\"url\":\"https:\\\/\\\/www.bglegno.it\\\/wp-content\\\/uploads\\\/2024\\\/12\\\/bg-legno.jpg\",\"contentUrl\":\"https:\\\/\\\/www.bglegno.it\\\/wp-content\\\/uploads\\\/2024\\\/12\\\/bg-legno.jpg\",\"width\":1038,\"height\":1038,\"caption\":\"BG Legno\"},\"image\":{\"@id\":\"https:\\\/\\\/www.bglegno.it\\\/#\\\/schema\\\/logo\\\/image\\\/\"}}]}<\/script>\n<!-- \/ Yoast SEO plugin. -->","yoast_head_json":{"title":"Intra - BG Legno - Choisissez votre configuration externe pr\u00e9f\u00e9r\u00e9e","description":"Intra est le nouveau syst\u00e8me de menuiseries coulissantes BG Legno. Un mod\u00e8le, deux variantes. Choisissez votre configuration ext\u00e9rieure pr\u00e9f\u00e9r\u00e9e.","robots":{"index":"index","follow":"follow","max-snippet":"max-snippet:-1","max-image-preview":"max-image-preview:large","max-video-preview":"max-video-preview:-1"},"canonical":"https:\/\/www.bglegno.it\/fr\/prodotto\/intra\/","og_locale":"fr_FR","og_type":"article","og_title":"Intra - BG Legno - Choisissez votre configuration externe pr\u00e9f\u00e9r\u00e9e","og_description":"Intra est le nouveau syst\u00e8me de menuiseries coulissantes BG Legno. Un mod\u00e8le, deux variantes. Choisissez votre configuration ext\u00e9rieure pr\u00e9f\u00e9r\u00e9e.","og_url":"https:\/\/www.bglegno.it\/fr\/prodotto\/intra\/","og_site_name":"BG Legno","article_modified_time":"2026-02-11T14:41:21+00:00","og_image":[{"width":2000,"height":2000,"url":"https:\/\/www.bglegno.it\/wp-content\/uploads\/2025\/05\/BG-Legno_Intra-interno.jpg","type":"image\/jpeg"}],"twitter_card":"summary_large_image","twitter_misc":{"Dur\u00e9e de lecture estim\u00e9e":"1 minute"},"schema":{"@context":"https:\/\/schema.org","@graph":[{"@type":"WebPage","@id":"https:\/\/www.bglegno.it\/fr\/prodotto\/intra\/","url":"https:\/\/www.bglegno.it\/fr\/prodotto\/intra\/","name":"Intra - BG Legno - Choisissez votre configuration externe pr\u00e9f\u00e9r\u00e9e","isPartOf":{"@id":"https:\/\/www.bglegno.it\/#website"},"primaryImageOfPage":{"@id":"https:\/\/www.bglegno.it\/fr\/prodotto\/intra\/#primaryimage"},"image":{"@id":"https:\/\/www.bglegno.it\/fr\/prodotto\/intra\/#primaryimage"},"thumbnailUrl":"https:\/\/www.bglegno.it\/wp-content\/uploads\/2025\/05\/BG-Legno_Intra-interno.jpg","datePublished":"2025-05-06T10:42:27+00:00","dateModified":"2026-02-11T14:41:21+00:00","description":"Intra est le nouveau syst\u00e8me de menuiseries coulissantes BG Legno. Un mod\u00e8le, deux variantes. Choisissez votre configuration ext\u00e9rieure pr\u00e9f\u00e9r\u00e9e.","breadcrumb":{"@id":"https:\/\/www.bglegno.it\/fr\/prodotto\/intra\/#breadcrumb"},"inLanguage":"fr-FR","potentialAction":[{"@type":"ReadAction","target":["https:\/\/www.bglegno.it\/fr\/prodotto\/intra\/"]}]},{"@type":"ImageObject","inLanguage":"fr-FR","@id":"https:\/\/www.bglegno.it\/fr\/prodotto\/intra\/#primaryimage","url":"https:\/\/www.bglegno.it\/wp-content\/uploads\/2025\/05\/BG-Legno_Intra-interno.jpg","contentUrl":"https:\/\/www.bglegno.it\/wp-content\/uploads\/2025\/05\/BG-Legno_Intra-interno.jpg","width":2000,"height":2000,"caption":"sistema Intra BG Legno"},{"@type":"BreadcrumbList","@id":"https:\/\/www.bglegno.it\/fr\/prodotto\/intra\/#breadcrumb","itemListElement":[{"@type":"ListItem","position":1,"name":"Home","item":"https:\/\/www.bglegno.it\/fr\/accueil\/"},{"@type":"ListItem","position":2,"name":"Prodotti","item":"https:\/\/www.bglegno.it\/negozio\/"},{"@type":"ListItem","position":3,"name":"Intra"}]},{"@type":"WebSite","@id":"https:\/\/www.bglegno.it\/#website","url":"https:\/\/www.bglegno.it\/","name":"BG Legno","description":"Ad ogni casa la giusta finestra","publisher":{"@id":"https:\/\/www.bglegno.it\/#organization"},"potentialAction":[{"@type":"SearchAction","target":{"@type":"EntryPoint","urlTemplate":"https:\/\/www.bglegno.it\/?s={search_term_string}"},"query-input":{"@type":"PropertyValueSpecification","valueRequired":true,"valueName":"search_term_string"}}],"inLanguage":"fr-FR"},{"@type":"Organization","@id":"https:\/\/www.bglegno.it\/#organization","name":"BG Legno","url":"https:\/\/www.bglegno.it\/","logo":{"@type":"ImageObject","inLanguage":"fr-FR","@id":"https:\/\/www.bglegno.it\/#\/schema\/logo\/image\/","url":"https:\/\/www.bglegno.it\/wp-content\/uploads\/2024\/12\/bg-legno.jpg","contentUrl":"https:\/\/www.bglegno.it\/wp-content\/uploads\/2024\/12\/bg-legno.jpg","width":1038,"height":1038,"caption":"BG Legno"},"image":{"@id":"https:\/\/www.bglegno.it\/#\/schema\/logo\/image\/"}}]}},"_links":{"self":[{"href":"https:\/\/www.bglegno.it\/fr\/wp-json\/wp\/v2\/product\/12506","targetHints":{"allow":["GET"]}}],"collection":[{"href":"https:\/\/www.bglegno.it\/fr\/wp-json\/wp\/v2\/product"}],"about":[{"href":"https:\/\/www.bglegno.it\/fr\/wp-json\/wp\/v2\/types\/product"}],"version-history":[{"count":0,"href":"https:\/\/www.bglegno.it\/fr\/wp-json\/wp\/v2\/product\/12506\/revisions"}],"wp:featuredmedia":[{"embeddable":true,"href":"https:\/\/www.bglegno.it\/fr\/wp-json\/wp\/v2\/media\/12713"}],"wp:attachment":[{"href":"https:\/\/www.bglegno.it\/fr\/wp-json\/wp\/v2\/media?parent=12506"}],"wp:term":[{"taxonomy":"product_brand","embeddable":true,"href":"https:\/\/www.bglegno.it\/fr\/wp-json\/wp\/v2\/product_brand?post=12506"},{"taxonomy":"product_cat","embeddable":true,"href":"https:\/\/www.bglegno.it\/fr\/wp-json\/wp\/v2\/product_cat?post=12506"},{"taxonomy":"product_tag","embeddable":true,"href":"https:\/\/www.bglegno.it\/fr\/wp-json\/wp\/v2\/product_tag?post=12506"}],"curies":[{"name":"wp","href":"https:\/\/api.w.org\/{rel}","templated":true}]}}