{"id":13078,"date":"2025-06-30T12:21:32","date_gmt":"2025-06-30T10:21:32","guid":{"rendered":"https:\/\/www.bglegno.it\/prodotto\/cloud-glass\/"},"modified":"2026-02-11T15:41:06","modified_gmt":"2026-02-11T14:41:06","slug":"cloud-glass","status":"publish","type":"product","link":"https:\/\/www.bglegno.it\/fr\/prodotto\/cloud-glass\/","title":{"rendered":"Cloud Glass"},"content":{"rendered":"\t\t<div data-elementor-type=\"product-post\" data-elementor-id=\"13078\" class=\"elementor elementor-13078 elementor-12738\" data-elementor-post-type=\"product\">\n\t\t\t\t\t\t<section class=\"elementor-section elementor-top-section elementor-element elementor-element-5903b5a elementor-section-boxed elementor-section-height-default elementor-section-height-default wpr-particle-no wpr-jarallax-no wpr-parallax-no wpr-sticky-section-no\" data-id=\"5903b5a\" data-element_type=\"section\" data-e-type=\"section\">\n\t\t\t\t\t\t<div class=\"elementor-container elementor-column-gap-default\">\n\t\t\t\t\t<div class=\"elementor-column elementor-col-100 elementor-top-column elementor-element elementor-element-5a1807d\" data-id=\"5a1807d\" data-element_type=\"column\" data-e-type=\"column\">\n\t\t\t<div class=\"elementor-widget-wrap elementor-element-populated\">\n\t\t\t\t\t\t<div class=\"elementor-element elementor-element-45b1336 elementor-widget elementor-widget-text-editor\" data-id=\"45b1336\" data-element_type=\"widget\" data-e-type=\"widget\" data-widget_type=\"text-editor.default\">\n\t\t\t\t<div class=\"elementor-widget-container\">\n\t\t\t\t\t\t\t\t\t<p>Le mod\u00e8le Cloud Glass est une porte coulissante \u00e0 levage en bois et verre qui s\u00e9duit au premier regard par sa beaut\u00e9 et son caract\u00e8re unique.<\/p><p><strong>Cloud Glass est l&rsquo;apoth\u00e9ose du mod\u00e8le Cloud, une \u00e9l\u00e9gance contemporaine qui illumine les pi\u00e8ces gr\u00e2ce \u00e0 son ext\u00e9rieur enti\u00e8rement en verre. Il s&rsquo;agit d&rsquo;une fen\u00eatre coulissante qui dispara\u00eet dans les grandes ouvertures. <\/strong><\/p><p>Une porte coulissante qui ne passe pas inaper\u00e7ue, sa structure solide et son ext\u00e9rieur enti\u00e8rement en verre font de Cloud Glass le miroir parfait pour des contextes r\u00e9solument hors du commun.<span class=\"Apple-converted-space\"> <\/span><\/p>\t\t\t\t\t\t\t\t<\/div>\n\t\t\t\t<\/div>\n\t\t\t\t\t<\/div>\n\t\t<\/div>\n\t\t\t\t\t<\/div>\n\t\t<\/section>\n\t\t\t\t<\/div>\n\t\t","protected":false},"excerpt":{"rendered":"<p>Le design devient verre, le style contemporain.<\/p>\n","protected":false},"featured_media":12707,"template":"","meta":[],"product_brand":[],"product_cat":[110],"product_tag":[],"class_list":{"0":"post-13078","1":"product","2":"type-product","3":"status-publish","4":"has-post-thumbnail","6":"product_cat-bois-verre","8":"first","9":"instock","10":"shipping-taxable","11":"purchasable","12":"product-type-variable","13":"has-default-attributes"},"yoast_head":"<!-- This site is optimized with the Yoast SEO plugin v27.6 - https:\/\/yoast.com\/product\/yoast-seo-wordpress\/ -->\n<title>Cloud Glass - BG Legno - Fen\u00eatre coulissante en verre structurel<\/title>\n<meta name=\"description\" content=\"Cloud Glass : esth\u00e9tique du verre structurel, performances et r\u00e9sistance d&#039;une menuiserie. Choisissez ce mod\u00e8le si vous aimez oser !\" \/>\n<meta name=\"robots\" content=\"index, follow, max-snippet:-1, max-image-preview:large, max-video-preview:-1\" \/>\n<link rel=\"canonical\" href=\"https:\/\/www.bglegno.it\/fr\/prodotto\/cloud-glass\/\" \/>\n<meta property=\"og:locale\" content=\"fr_FR\" \/>\n<meta property=\"og:type\" content=\"article\" \/>\n<meta property=\"og:title\" content=\"Cloud Glass - BG Legno - Fen\u00eatre coulissante en verre structurel\" \/>\n<meta property=\"og:description\" content=\"Cloud Glass : esth\u00e9tique du verre structurel, performances et r\u00e9sistance d&#039;une menuiserie. Choisissez ce mod\u00e8le si vous aimez oser !\" \/>\n<meta property=\"og:url\" content=\"https:\/\/www.bglegno.it\/fr\/prodotto\/cloud-glass\/\" \/>\n<meta property=\"og:site_name\" content=\"BG Legno\" \/>\n<meta property=\"article:modified_time\" content=\"2026-02-11T14:41:06+00:00\" \/>\n<meta property=\"og:image\" content=\"https:\/\/www.bglegno.it\/wp-content\/uploads\/2025\/05\/BG-Legno_Cloud-Glass-interno.jpg\" \/>\n\t<meta property=\"og:image:width\" content=\"2000\" \/>\n\t<meta property=\"og:image:height\" content=\"2000\" \/>\n\t<meta property=\"og:image:type\" content=\"image\/jpeg\" \/>\n<meta name=\"twitter:card\" content=\"summary_large_image\" \/>\n<meta name=\"twitter:label1\" content=\"Dur\u00e9e de lecture estim\u00e9e\" \/>\n\t<meta name=\"twitter:data1\" content=\"1 minute\" \/>\n<script type=\"application\/ld+json\" class=\"yoast-schema-graph\">{\"@context\":\"https:\\\/\\\/schema.org\",\"@graph\":[{\"@type\":\"WebPage\",\"@id\":\"https:\\\/\\\/www.bglegno.it\\\/fr\\\/prodotto\\\/cloud-glass\\\/\",\"url\":\"https:\\\/\\\/www.bglegno.it\\\/fr\\\/prodotto\\\/cloud-glass\\\/\",\"name\":\"Cloud Glass - BG Legno - Fen\u00eatre coulissante en verre structurel\",\"isPartOf\":{\"@id\":\"https:\\\/\\\/www.bglegno.it\\\/#website\"},\"primaryImageOfPage\":{\"@id\":\"https:\\\/\\\/www.bglegno.it\\\/fr\\\/prodotto\\\/cloud-glass\\\/#primaryimage\"},\"image\":{\"@id\":\"https:\\\/\\\/www.bglegno.it\\\/fr\\\/prodotto\\\/cloud-glass\\\/#primaryimage\"},\"thumbnailUrl\":\"https:\\\/\\\/www.bglegno.it\\\/wp-content\\\/uploads\\\/2025\\\/05\\\/BG-Legno_Cloud-Glass-interno.jpg\",\"datePublished\":\"2025-06-30T10:21:32+00:00\",\"dateModified\":\"2026-02-11T14:41:06+00:00\",\"description\":\"Cloud Glass : esth\u00e9tique du verre structurel, performances et r\u00e9sistance d'une menuiserie. Choisissez ce mod\u00e8le si vous aimez oser !\",\"breadcrumb\":{\"@id\":\"https:\\\/\\\/www.bglegno.it\\\/fr\\\/prodotto\\\/cloud-glass\\\/#breadcrumb\"},\"inLanguage\":\"fr-FR\",\"potentialAction\":[{\"@type\":\"ReadAction\",\"target\":[\"https:\\\/\\\/www.bglegno.it\\\/fr\\\/prodotto\\\/cloud-glass\\\/\"]}]},{\"@type\":\"ImageObject\",\"inLanguage\":\"fr-FR\",\"@id\":\"https:\\\/\\\/www.bglegno.it\\\/fr\\\/prodotto\\\/cloud-glass\\\/#primaryimage\",\"url\":\"https:\\\/\\\/www.bglegno.it\\\/wp-content\\\/uploads\\\/2025\\\/05\\\/BG-Legno_Cloud-Glass-interno.jpg\",\"contentUrl\":\"https:\\\/\\\/www.bglegno.it\\\/wp-content\\\/uploads\\\/2025\\\/05\\\/BG-Legno_Cloud-Glass-interno.jpg\",\"width\":2000,\"height\":2000},{\"@type\":\"BreadcrumbList\",\"@id\":\"https:\\\/\\\/www.bglegno.it\\\/fr\\\/prodotto\\\/cloud-glass\\\/#breadcrumb\",\"itemListElement\":[{\"@type\":\"ListItem\",\"position\":1,\"name\":\"Home\",\"item\":\"https:\\\/\\\/www.bglegno.it\\\/fr\\\/accueil\\\/\"},{\"@type\":\"ListItem\",\"position\":2,\"name\":\"Prodotti\",\"item\":\"https:\\\/\\\/www.bglegno.it\\\/negozio\\\/\"},{\"@type\":\"ListItem\",\"position\":3,\"name\":\"Cloud Glass\"}]},{\"@type\":\"WebSite\",\"@id\":\"https:\\\/\\\/www.bglegno.it\\\/#website\",\"url\":\"https:\\\/\\\/www.bglegno.it\\\/\",\"name\":\"BG Legno\",\"description\":\"Ad ogni casa la giusta finestra\",\"publisher\":{\"@id\":\"https:\\\/\\\/www.bglegno.it\\\/#organization\"},\"potentialAction\":[{\"@type\":\"SearchAction\",\"target\":{\"@type\":\"EntryPoint\",\"urlTemplate\":\"https:\\\/\\\/www.bglegno.it\\\/?s={search_term_string}\"},\"query-input\":{\"@type\":\"PropertyValueSpecification\",\"valueRequired\":true,\"valueName\":\"search_term_string\"}}],\"inLanguage\":\"fr-FR\"},{\"@type\":\"Organization\",\"@id\":\"https:\\\/\\\/www.bglegno.it\\\/#organization\",\"name\":\"BG Legno\",\"url\":\"https:\\\/\\\/www.bglegno.it\\\/\",\"logo\":{\"@type\":\"ImageObject\",\"inLanguage\":\"fr-FR\",\"@id\":\"https:\\\/\\\/www.bglegno.it\\\/#\\\/schema\\\/logo\\\/image\\\/\",\"url\":\"https:\\\/\\\/www.bglegno.it\\\/wp-content\\\/uploads\\\/2024\\\/12\\\/bg-legno.jpg\",\"contentUrl\":\"https:\\\/\\\/www.bglegno.it\\\/wp-content\\\/uploads\\\/2024\\\/12\\\/bg-legno.jpg\",\"width\":1038,\"height\":1038,\"caption\":\"BG Legno\"},\"image\":{\"@id\":\"https:\\\/\\\/www.bglegno.it\\\/#\\\/schema\\\/logo\\\/image\\\/\"}}]}<\/script>\n<!-- \/ Yoast SEO plugin. -->","yoast_head_json":{"title":"Cloud Glass - BG Legno - Fen\u00eatre coulissante en verre structurel","description":"Cloud Glass : esth\u00e9tique du verre structurel, performances et r\u00e9sistance d'une menuiserie. Choisissez ce mod\u00e8le si vous aimez oser !","robots":{"index":"index","follow":"follow","max-snippet":"max-snippet:-1","max-image-preview":"max-image-preview:large","max-video-preview":"max-video-preview:-1"},"canonical":"https:\/\/www.bglegno.it\/fr\/prodotto\/cloud-glass\/","og_locale":"fr_FR","og_type":"article","og_title":"Cloud Glass - BG Legno - Fen\u00eatre coulissante en verre structurel","og_description":"Cloud Glass : esth\u00e9tique du verre structurel, performances et r\u00e9sistance d'une menuiserie. Choisissez ce mod\u00e8le si vous aimez oser !","og_url":"https:\/\/www.bglegno.it\/fr\/prodotto\/cloud-glass\/","og_site_name":"BG Legno","article_modified_time":"2026-02-11T14:41:06+00:00","og_image":[{"width":2000,"height":2000,"url":"https:\/\/www.bglegno.it\/wp-content\/uploads\/2025\/05\/BG-Legno_Cloud-Glass-interno.jpg","type":"image\/jpeg"}],"twitter_card":"summary_large_image","twitter_misc":{"Dur\u00e9e de lecture estim\u00e9e":"1 minute"},"schema":{"@context":"https:\/\/schema.org","@graph":[{"@type":"WebPage","@id":"https:\/\/www.bglegno.it\/fr\/prodotto\/cloud-glass\/","url":"https:\/\/www.bglegno.it\/fr\/prodotto\/cloud-glass\/","name":"Cloud Glass - BG Legno - Fen\u00eatre coulissante en verre structurel","isPartOf":{"@id":"https:\/\/www.bglegno.it\/#website"},"primaryImageOfPage":{"@id":"https:\/\/www.bglegno.it\/fr\/prodotto\/cloud-glass\/#primaryimage"},"image":{"@id":"https:\/\/www.bglegno.it\/fr\/prodotto\/cloud-glass\/#primaryimage"},"thumbnailUrl":"https:\/\/www.bglegno.it\/wp-content\/uploads\/2025\/05\/BG-Legno_Cloud-Glass-interno.jpg","datePublished":"2025-06-30T10:21:32+00:00","dateModified":"2026-02-11T14:41:06+00:00","description":"Cloud Glass : esth\u00e9tique du verre structurel, performances et r\u00e9sistance d'une menuiserie. Choisissez ce mod\u00e8le si vous aimez oser !","breadcrumb":{"@id":"https:\/\/www.bglegno.it\/fr\/prodotto\/cloud-glass\/#breadcrumb"},"inLanguage":"fr-FR","potentialAction":[{"@type":"ReadAction","target":["https:\/\/www.bglegno.it\/fr\/prodotto\/cloud-glass\/"]}]},{"@type":"ImageObject","inLanguage":"fr-FR","@id":"https:\/\/www.bglegno.it\/fr\/prodotto\/cloud-glass\/#primaryimage","url":"https:\/\/www.bglegno.it\/wp-content\/uploads\/2025\/05\/BG-Legno_Cloud-Glass-interno.jpg","contentUrl":"https:\/\/www.bglegno.it\/wp-content\/uploads\/2025\/05\/BG-Legno_Cloud-Glass-interno.jpg","width":2000,"height":2000},{"@type":"BreadcrumbList","@id":"https:\/\/www.bglegno.it\/fr\/prodotto\/cloud-glass\/#breadcrumb","itemListElement":[{"@type":"ListItem","position":1,"name":"Home","item":"https:\/\/www.bglegno.it\/fr\/accueil\/"},{"@type":"ListItem","position":2,"name":"Prodotti","item":"https:\/\/www.bglegno.it\/negozio\/"},{"@type":"ListItem","position":3,"name":"Cloud Glass"}]},{"@type":"WebSite","@id":"https:\/\/www.bglegno.it\/#website","url":"https:\/\/www.bglegno.it\/","name":"BG Legno","description":"Ad ogni casa la giusta finestra","publisher":{"@id":"https:\/\/www.bglegno.it\/#organization"},"potentialAction":[{"@type":"SearchAction","target":{"@type":"EntryPoint","urlTemplate":"https:\/\/www.bglegno.it\/?s={search_term_string}"},"query-input":{"@type":"PropertyValueSpecification","valueRequired":true,"valueName":"search_term_string"}}],"inLanguage":"fr-FR"},{"@type":"Organization","@id":"https:\/\/www.bglegno.it\/#organization","name":"BG Legno","url":"https:\/\/www.bglegno.it\/","logo":{"@type":"ImageObject","inLanguage":"fr-FR","@id":"https:\/\/www.bglegno.it\/#\/schema\/logo\/image\/","url":"https:\/\/www.bglegno.it\/wp-content\/uploads\/2024\/12\/bg-legno.jpg","contentUrl":"https:\/\/www.bglegno.it\/wp-content\/uploads\/2024\/12\/bg-legno.jpg","width":1038,"height":1038,"caption":"BG Legno"},"image":{"@id":"https:\/\/www.bglegno.it\/#\/schema\/logo\/image\/"}}]}},"_links":{"self":[{"href":"https:\/\/www.bglegno.it\/fr\/wp-json\/wp\/v2\/product\/13078","targetHints":{"allow":["GET"]}}],"collection":[{"href":"https:\/\/www.bglegno.it\/fr\/wp-json\/wp\/v2\/product"}],"about":[{"href":"https:\/\/www.bglegno.it\/fr\/wp-json\/wp\/v2\/types\/product"}],"version-history":[{"count":0,"href":"https:\/\/www.bglegno.it\/fr\/wp-json\/wp\/v2\/product\/13078\/revisions"}],"wp:featuredmedia":[{"embeddable":true,"href":"https:\/\/www.bglegno.it\/fr\/wp-json\/wp\/v2\/media\/12707"}],"wp:attachment":[{"href":"https:\/\/www.bglegno.it\/fr\/wp-json\/wp\/v2\/media?parent=13078"}],"wp:term":[{"taxonomy":"product_brand","embeddable":true,"href":"https:\/\/www.bglegno.it\/fr\/wp-json\/wp\/v2\/product_brand?post=13078"},{"taxonomy":"product_cat","embeddable":true,"href":"https:\/\/www.bglegno.it\/fr\/wp-json\/wp\/v2\/product_cat?post=13078"},{"taxonomy":"product_tag","embeddable":true,"href":"https:\/\/www.bglegno.it\/fr\/wp-json\/wp\/v2\/product_tag?post=13078"}],"curies":[{"name":"wp","href":"https:\/\/api.w.org\/{rel}","templated":true}]}}